{"id":1506,"date":"2013-03-15T19:03:37","date_gmt":"2013-03-15T18:03:37","guid":{"rendered":"http:\/\/www.housch-ma-housch.de\/wp\/?page_id=1506"},"modified":"2021-12-07T10:12:33","modified_gmt":"2021-12-07T09:12:33","slug":"sketches","status":"publish","type":"page","link":"https:\/\/www.housch-ma-housch.de\/de\/sketches\/","title":{"rendered":"Sketches"},"content":{"rendered":"<p><\/p>\n<p>Ein Clown zu sein, ist mehr, als ein L\u00e4cheln im Gesicht zu haben &#8211; das stellt der Absolvent der renommierten Kiewer Artistenschule Semen Shuster, alias &#8220;Housch-ma-Housch&#8221;, in seinen kleinen am\u00fcsanten Geschichten unter Beweis, in dem er sein Allround-K\u00f6nnen (Jonglage, Magie, Pantomime, Beatbox usw.) nur einem unterordnet &#8211; der Kunst, andere zum Lachen zu bringen.<\/p>\n<p>&#8220;Housch-ma-Housch&#8221; ist kein Vertreter des brachialen Humors. Er ist ein Beobachter mit scharfem Blick, feiner Nase, flinken H\u00e4nden, rhythmischen Sohlen und der unplastischsten (im Sinne plastischer Chirurgie) Mimik der Welt. <\/p>\n<p>Seine Frisur ist sein Markenzeichen. Seine &#8220;Housch-ma-Housch&#8221;-Sprache ist international verst\u00e4ndlich. Sein Naturell ist schurkenhaft bis kindlich-naiv und nie b\u00f6se. Seine Mimik ist ein Tabu f\u00fcr alle Botox-Freunde.<\/p>\n<p>Man nehme &#8220;Housch-ma-Housch&#8221; und zahle ihm mit Lachen und Applaus! Also: Mut zu neuen Lachf\u00e4ltchen!<\/p>\n<h2>Geschichte 1: Mantel<\/h2>\n<p>Ein geheimnisvoller Mann in einem Mantel, ein Gentleman, findet einen Koffer.<\/p>\n<p>Seine Neugier ist st\u00e4rker als alle guten Manieren. Prompt werden sie samt Mantel abgelegt. Der Koffer wird ge\u00f6ffnet. Doch das Unvorhersehbare geschieht: Aus dem Koffer springen quicklebendige und \u00e4u\u00dferst aggressive H\u00e4ndchen heraus. Der Mann wird von dieser angriffslustigen &#8220;Handvoll&#8221; regelrecht attackiert &#8211; mit List und R\u00fccksichtslosigkeit &#8211; alles im Namen der Rettung des Koffergutes. Der diebische Gentleman hat, wie es sich geh\u00f6rt, einen Revolver bei sich, &#8220;Made in Taiwan&#8221;&#8230;<\/p>\n<p>Wie der Kampf ausgeht, wird nicht verraten. Eins nur: Der schutzspendende Mantel wird zum Vollstrecker des Rechts.<\/p>\n<h3>Video<\/h3>\n<div class=\"desktop\"><iframe class=\"sc-video\" width=\"540\" height=\"350\" src=\"https:\/\/www.youtube.com\/embed\/jXtcAXGDshs\" frameborder=\"0\" allowfullscreen><\/iframe><\/div>\n<div class=\"mobile\">[youtube id=&#8221;jXtcAXGDshs&#8221; width=&#8221;100%&#8221; height=&#8221;100%&#8221;]<\/div>\n<h3>Fotos<\/h3>\n<p><div id=\"jig1\" class=\"justified-image-grid jig-c6422e5109924b58fca749cfc6640e11 jig-preset-global\"><div class=\"jig-clearfix\"><\/div><noscript id=\"jig1-html\" class=\"justified-image-grid-html\" data-lazy-src=\"skiplazyload\" data-src=\"skipunveillazyload\"><ul><li><a href=\"https:\/\/www.housch-ma-housch.de\/wp-content\/uploads\/2013\/03\/01.-Coat-Bertrand-Guay-533x800.jpg\"><img src=\"https:\/\/www.housch-ma-housch.de\/wp-content\/plugins\/justified-image-grid\/timthumb.php?src=https%3A%2F%2Fwww.housch-ma-housch.de%2Fwp-content%2Fuploads%2F2013%2F03%2F01.-Coat-Bertrand-Guay-533x800.jpg&amp;h=200&amp;q=90&amp;f=.jpg\" alt=\"01. Coat (Bertrand Guay)\" width=\"133\" height=\"200\" \/><\/a><p class=\"jig-HTMLdescription\">01. Coat (Bertrand Guay)<br\/><\/p><\/li><li><a href=\"https:\/\/www.housch-ma-housch.de\/wp-content\/uploads\/2013\/03\/02.-Coat-Bertrand-Guay-900x629.jpg\"><img src=\"https:\/\/www.housch-ma-housch.de\/wp-content\/plugins\/justified-image-grid\/timthumb.php?src=https%3A%2F%2Fwww.housch-ma-housch.de%2Fwp-content%2Fuploads%2F2013%2F03%2F02.-Coat-Bertrand-Guay-900x629.jpg&amp;h=200&amp;q=90&amp;f=.jpg\" alt=\"02. Coat (Bertrand Guay)\" width=\"286\" height=\"200\" \/><\/a><p class=\"jig-HTMLdescription\">02. Coat (Bertrand Guay)<br\/><\/p><\/li><li><a href=\"https:\/\/www.housch-ma-housch.de\/wp-content\/uploads\/2013\/03\/03.-Coat-Bertrand-Guay-533x800.jpg\"><img src=\"https:\/\/www.housch-ma-housch.de\/wp-content\/plugins\/justified-image-grid\/timthumb.php?src=https%3A%2F%2Fwww.housch-ma-housch.de%2Fwp-content%2Fuploads%2F2013%2F03%2F03.-Coat-Bertrand-Guay-533x800.jpg&amp;h=200&amp;q=90&amp;f=.jpg\" alt=\"03. Coat (Bertrand Guay)\" width=\"133\" height=\"200\" \/><\/a><p class=\"jig-HTMLdescription\">03. Coat (Bertrand Guay)<br\/><\/p><\/li><li><a href=\"https:\/\/www.housch-ma-housch.de\/wp-content\/uploads\/2013\/03\/04.-Coat-Bertrand-Guay-533x800.jpg\"><img src=\"https:\/\/www.housch-ma-housch.de\/wp-content\/plugins\/justified-image-grid\/timthumb.php?src=https%3A%2F%2Fwww.housch-ma-housch.de%2Fwp-content%2Fuploads%2F2013%2F03%2F04.-Coat-Bertrand-Guay-533x800.jpg&amp;h=200&amp;q=90&amp;f=.jpg\" alt=\"04. Coat (Bertrand Guay)\" width=\"133\" height=\"200\" \/><\/a><p class=\"jig-HTMLdescription\">04. Coat (Bertrand Guay)<br\/><\/p><\/li><\/ul><\/noscript><\/div><br \/>\n<\/p>\n<h2>Geschichte 2: Gitarre<\/h2>\n<p>Ein Mann, normal, etwas verklemmt, doch in dessen Seele Flamencoflammen lodern, fasst den Entschluss, die ihn beengenden Zw\u00e4nge zu durchbrechen, um durch sein Innenfeuer zu gehen.<\/p>\n<p>Es wird spanisch in die Seiten gegriffen. Doch etwas bremst den Enthusiasten &#8211; ein Klebeband, einfaches Paketband, versucht, die entfachten Temperamentsausbr\u00fcche des Virtuosen zu b\u00e4ndigen.<\/p>\n<p>Wer die klebrige Schlacht gewinnt, bleibt ein Geheimnis. Man m\u00fcsste nur wissen: &#8220;Housch-ma-Housch&#8221; ist kein Typ f\u00fcr wei\u00dfe Fahnen. Er sieht rot&#8230;<\/p>\n<h3>Video<\/h3>\n<div class=\"desktop\"><iframe class=\"sc-video\" width=\"540\" height=\"350\" src=\"https:\/\/www.youtube.com\/embed\/_BxGpy-Zwr4\" frameborder=\"0\" allowfullscreen><\/iframe><\/div>\n<div class=\"mobile\">[youtube id=&#8221;_BxGpy-Zwr4&#8243; width=&#8221;100%&#8221; height=&#8221;100%&#8221;]<\/div>\n<h3>Fotos<\/h3>\n<p><div id=\"jig2\" class=\"justified-image-grid jig-cf8022e3c1eca70521d2b2301c7a74d8 jig-preset-global\"><div class=\"jig-clearfix\"><\/div><noscript id=\"jig2-html\" class=\"justified-image-grid-html\" data-lazy-src=\"skiplazyload\" data-src=\"skipunveillazyload\"><ul><li><a href=\"https:\/\/www.housch-ma-housch.de\/wp-content\/uploads\/2013\/03\/01.-Guitar-533x800.jpg\"><img src=\"https:\/\/www.housch-ma-housch.de\/wp-content\/plugins\/justified-image-grid\/timthumb.php?src=https%3A%2F%2Fwww.housch-ma-housch.de%2Fwp-content%2Fuploads%2F2013%2F03%2F01.-Guitar-533x800.jpg&amp;h=200&amp;q=90&amp;f=.jpg\" alt=\"01. Guitar\" width=\"133\" height=\"200\" \/><\/a><p class=\"jig-HTMLdescription\">01. Guitar<br\/><\/p><\/li><li><a href=\"https:\/\/www.housch-ma-housch.de\/wp-content\/uploads\/2013\/03\/02.-Guitar-Bertrand-Guay-523x800.jpg\"><img src=\"https:\/\/www.housch-ma-housch.de\/wp-content\/plugins\/justified-image-grid\/timthumb.php?src=https%3A%2F%2Fwww.housch-ma-housch.de%2Fwp-content%2Fuploads%2F2013%2F03%2F02.-Guitar-Bertrand-Guay-523x800.jpg&amp;h=200&amp;q=90&amp;f=.jpg\" alt=\"02. Guitar (Bertrand Guay)\" width=\"130\" height=\"200\" \/><\/a><p class=\"jig-HTMLdescription\">02. Guitar (Bertrand Guay)<br\/><\/p><\/li><li><a href=\"https:\/\/www.housch-ma-housch.de\/wp-content\/uploads\/2013\/03\/03.-Guitar-533x800.jpg\"><img src=\"https:\/\/www.housch-ma-housch.de\/wp-content\/plugins\/justified-image-grid\/timthumb.php?src=https%3A%2F%2Fwww.housch-ma-housch.de%2Fwp-content%2Fuploads%2F2013%2F03%2F03.-Guitar-533x800.jpg&amp;h=200&amp;q=90&amp;f=.jpg\" alt=\"03. Guitar\" width=\"133\" height=\"200\" \/><\/a><p class=\"jig-HTMLdescription\">03. Guitar<br\/><\/p><\/li><li><a href=\"https:\/\/www.housch-ma-housch.de\/wp-content\/uploads\/2013\/03\/04.-Guitar-533x800.jpg\"><img src=\"https:\/\/www.housch-ma-housch.de\/wp-content\/plugins\/justified-image-grid\/timthumb.php?src=https%3A%2F%2Fwww.housch-ma-housch.de%2Fwp-content%2Fuploads%2F2013%2F03%2F04.-Guitar-533x800.jpg&amp;h=200&amp;q=90&amp;f=.jpg\" alt=\"04. Guitar\" width=\"133\" height=\"200\" \/><\/a><p class=\"jig-HTMLdescription\">04. Guitar<br\/><\/p><\/li><li><a href=\"https:\/\/www.housch-ma-housch.de\/wp-content\/uploads\/2013\/03\/05.-Guitar-900x600.jpg\"><img src=\"https:\/\/www.housch-ma-housch.de\/wp-content\/plugins\/justified-image-grid\/timthumb.php?src=https%3A%2F%2Fwww.housch-ma-housch.de%2Fwp-content%2Fuploads%2F2013%2F03%2F05.-Guitar-900x600.jpg&amp;h=200&amp;q=90&amp;f=.jpg\" alt=\"05. Guitar\" width=\"300\" height=\"200\" \/><\/a><p class=\"jig-HTMLdescription\">05. Guitar<br\/><\/p><\/li><\/ul><\/noscript><\/div><br \/>\n<\/p>\n<h2>Geschichte 3: Hasen<\/h2>\n<p>Ein Star wird angek\u00fcndigt. Ein w\u00fcrdiger Nachfolger seines Stammbaumes und seiner ruhmreichen Magierfamilie: Er kann das, was schon sein Urgro\u00dfvater konnte; womit sein Gro\u00dfvater die Herzen der Damen im Sturm eroberte; weshalb die M\u00e4nner seinen Vater beneideten \u2013 aus einem kleinen bedeutungslosen Tuch f\u00fcnf deutlich gr\u00f6\u00dfere Hasen, ach was Hasen, f\u00fcnf Riesenrammler herauszaubern!!! <\/p>\n<p>Klassisch, aus dem Nebel, erscheint eine majest\u00e4tische Gestalt, stolzierend zu pathetischen Musikkl\u00e4ngen. Mit einer Geste, die auf den beginnenden Zauber hindeutet, holt der Meister das T\u00fcchlein aus der Tasche. <\/p>\n<p>Die Stunde der Magie hat geschlagen. Doch die Hasen k\u00f6nnen richtig gemein sein. Mit einem verr\u00e4terischen Knall fallen sie in unpassendsten Momenten aus ihrem Versteck heraus. Der bis auf sein sch\u00fctteres Haar blamierte Meister gibt aber nicht auf.<\/p>\n<p>Und dann passiert doch noch ein echtes Wunder&#8230;<\/p>\n<h3>Video<\/h3>\n<div class=\"desktop\"><iframe class=\"sc-video\" width=\"540\" height=\"350\" src=\"https:\/\/www.youtube.com\/embed\/_yHg0Twbch0\" frameborder=\"0\" allowfullscreen><\/iframe><\/div>\n<div class=\"mobile\">[youtube id=&#8221;_yHg0Twbch0&#8243; width=&#8221;100%&#8221; height=&#8221;100%&#8221;]<\/div>\n<h3>Fotos<\/h3>\n<p><div id=\"jig3\" class=\"justified-image-grid jig-0e99af12222bc6fecdec74ef735a2f29 jig-preset-global\"><div class=\"jig-clearfix\"><\/div><noscript id=\"jig3-html\" class=\"justified-image-grid-html\" data-lazy-src=\"skiplazyload\" data-src=\"skipunveillazyload\"><ul><li><a href=\"https:\/\/www.housch-ma-housch.de\/wp-content\/uploads\/2013\/03\/01.-Rabbits-Bertrand-Guay-533x800.jpg\"><img src=\"https:\/\/www.housch-ma-housch.de\/wp-content\/plugins\/justified-image-grid\/timthumb.php?src=https%3A%2F%2Fwww.housch-ma-housch.de%2Fwp-content%2Fuploads%2F2013%2F03%2F01.-Rabbits-Bertrand-Guay-533x800.jpg&amp;h=200&amp;q=90&amp;f=.jpg\" alt=\"01. Rabbits (Bertrand Guay)\" width=\"133\" height=\"200\" \/><\/a><p class=\"jig-HTMLdescription\">01. Rabbits (Bertrand Guay)<br\/><\/p><\/li><li><a href=\"https:\/\/www.housch-ma-housch.de\/wp-content\/uploads\/2013\/03\/02.-Rabbits-Bertrand-Guay-533x800.jpg\"><img src=\"https:\/\/www.housch-ma-housch.de\/wp-content\/plugins\/justified-image-grid\/timthumb.php?src=https%3A%2F%2Fwww.housch-ma-housch.de%2Fwp-content%2Fuploads%2F2013%2F03%2F02.-Rabbits-Bertrand-Guay-533x800.jpg&amp;h=200&amp;q=90&amp;f=.jpg\" alt=\"02. Rabbits (Bertrand Guay)\" width=\"133\" height=\"200\" \/><\/a><p class=\"jig-HTMLdescription\">02. Rabbits (Bertrand Guay)<br\/><\/p><\/li><li><a href=\"https:\/\/www.housch-ma-housch.de\/wp-content\/uploads\/2013\/03\/03.-Rabbits-Bertrand-Guay-530x800.jpg\"><img src=\"https:\/\/www.housch-ma-housch.de\/wp-content\/plugins\/justified-image-grid\/timthumb.php?src=https%3A%2F%2Fwww.housch-ma-housch.de%2Fwp-content%2Fuploads%2F2013%2F03%2F03.-Rabbits-Bertrand-Guay-530x800.jpg&amp;h=200&amp;q=90&amp;f=.jpg\" alt=\"03. Rabbits (Bertrand Guay)\" width=\"132\" height=\"200\" \/><\/a><p class=\"jig-HTMLdescription\">03. Rabbits (Bertrand Guay)<br\/><\/p><\/li><li><a href=\"https:\/\/www.housch-ma-housch.de\/wp-content\/uploads\/2013\/03\/04.-Rabbits-Bertrand-Guay-518x800.jpg\"><img src=\"https:\/\/www.housch-ma-housch.de\/wp-content\/plugins\/justified-image-grid\/timthumb.php?src=https%3A%2F%2Fwww.housch-ma-housch.de%2Fwp-content%2Fuploads%2F2013%2F03%2F04.-Rabbits-Bertrand-Guay-518x800.jpg&amp;h=200&amp;q=90&amp;f=.jpg\" alt=\"04. Rabbits (Bertrand Guay)\" width=\"129\" height=\"200\" \/><\/a><p class=\"jig-HTMLdescription\">04. Rabbits (Bertrand Guay)<br\/><\/p><\/li><\/ul><\/noscript><\/div><br \/>\n<\/p>\n<h2>Geschichte 4: Beatbox<\/h2>\n<p>Eine moderne musikalische Auff\u00fchrung soll den Abend mit Klang und Spiel aufheitern. Zu seiner Unterst\u00fctzung sucht sich der gekonnter Beatboxer zwei w\u00fcrdige Kumpanen aus dem Publikum aus.<\/p>\n<p>In der nun neu gegr\u00fcndeten &#8220;Band&#8221; m\u00fcssen erstmal die Aufgaben klar aufgeteilt werden, was einfach kling, aber gar nicht so leicht zu bewerkstelligen ist&#8230;<\/p>\n<p>Der Eine versteht mit seinem Musikinstrument nicht umzugehen, der Andere l\u00e4sst sich von sinnlichen K\u00f6rperbewegungen der Kollegin ablenken, der wiederum Andere macht nicht seine, aber die Aufgabe vom Dritten.<\/p>\n<p>Nach einem m\u00fchevollen, aber h\u00f6chst am\u00fcsantem Training entsteht eine gro\u00dfartige Eigenkreation von Michael Jackson&#8217;s &#8220;Smooth Criminal&#8221;, an der nicht nur die beiden G\u00e4ste, sondern das gesamte Publikum aktiv mitwirken.<\/p>\n<h3>Video<\/h3>\n<div class=\"desktop\"><iframe class=\"sc-video\" width=\"540\" height=\"350\" src=\"https:\/\/www.youtube.com\/embed\/MGSu3Jaqank\" frameborder=\"0\" allowfullscreen><\/iframe><\/div>\n<div class=\"mobile\">[youtube id=&#8221;MGSu3Jaqank&#8221; width=&#8221;100%&#8221; height=&#8221;100%&#8221;]<\/div>\n<h3>Fotos<\/h3>\n<p><div id=\"jig4\" class=\"justified-image-grid jig-676c5e0c2ee46ed6aa654f7bf3dd8bb2 jig-preset-global\"><div class=\"jig-clearfix\"><\/div><noscript id=\"jig4-html\" class=\"justified-image-grid-html\" data-lazy-src=\"skiplazyload\" data-src=\"skipunveillazyload\"><ul><li><a href=\"https:\/\/www.housch-ma-housch.de\/wp-content\/uploads\/2013\/03\/01.-Beatbox-900x600.jpg\"><img src=\"https:\/\/www.housch-ma-housch.de\/wp-content\/plugins\/justified-image-grid\/timthumb.php?src=https%3A%2F%2Fwww.housch-ma-housch.de%2Fwp-content%2Fuploads%2F2013%2F03%2F01.-Beatbox-900x600.jpg&amp;h=200&amp;q=90&amp;f=.jpg\" alt=\"01. Beatbox\" width=\"300\" height=\"200\" \/><\/a><p class=\"jig-HTMLdescription\">01. Beatbox<br\/><\/p><\/li><li><a href=\"https:\/\/www.housch-ma-housch.de\/wp-content\/uploads\/2013\/03\/02.-Beatbox-900x600.jpg\"><img src=\"https:\/\/www.housch-ma-housch.de\/wp-content\/plugins\/justified-image-grid\/timthumb.php?src=https%3A%2F%2Fwww.housch-ma-housch.de%2Fwp-content%2Fuploads%2F2013%2F03%2F02.-Beatbox-900x600.jpg&amp;h=200&amp;q=90&amp;f=.jpg\" alt=\"02. Beatbox\" width=\"300\" height=\"200\" \/><\/a><p class=\"jig-HTMLdescription\">02. Beatbox<br\/><\/p><\/li><li><a href=\"https:\/\/www.housch-ma-housch.de\/wp-content\/uploads\/2013\/03\/03.-Beatbox-900x600.jpg\"><img src=\"https:\/\/www.housch-ma-housch.de\/wp-content\/plugins\/justified-image-grid\/timthumb.php?src=https%3A%2F%2Fwww.housch-ma-housch.de%2Fwp-content%2Fuploads%2F2013%2F03%2F03.-Beatbox-900x600.jpg&amp;h=200&amp;q=90&amp;f=.jpg\" alt=\"03. Beatbox\" width=\"300\" height=\"200\" \/><\/a><p class=\"jig-HTMLdescription\">03. Beatbox<br\/><\/p><\/li><li><a href=\"https:\/\/www.housch-ma-housch.de\/wp-content\/uploads\/2013\/03\/04.-Beatbox-436x800.jpg\"><img src=\"https:\/\/www.housch-ma-housch.de\/wp-content\/plugins\/justified-image-grid\/timthumb.php?src=https%3A%2F%2Fwww.housch-ma-housch.de%2Fwp-content%2Fuploads%2F2013%2F03%2F04.-Beatbox-436x800.jpg&amp;h=200&amp;q=90&amp;f=.jpg\" alt=\"04. Beatbox\" width=\"109\" height=\"200\" \/><\/a><p class=\"jig-HTMLdescription\">04. Beatbox<br\/><\/p><\/li><li><a href=\"https:\/\/www.housch-ma-housch.de\/wp-content\/uploads\/2013\/03\/05.-Beatbox-900x600.jpg\"><img src=\"https:\/\/www.housch-ma-housch.de\/wp-content\/plugins\/justified-image-grid\/timthumb.php?src=https%3A%2F%2Fwww.housch-ma-housch.de%2Fwp-content%2Fuploads%2F2013%2F03%2F05.-Beatbox-900x600.jpg&amp;h=200&amp;q=90&amp;f=.jpg\" alt=\"05. Beatbox\" width=\"300\" height=\"200\" \/><\/a><p class=\"jig-HTMLdescription\">05. Beatbox<br\/><\/p><\/li><\/ul><\/noscript><\/div><br \/>\n<\/p>\n<h2>Geschichte 5: Dies und Das<\/h2>\n<p>&#8220;Housch-ma-Housch&#8221; ist unverwechselbar wechselbar: ob als penibler und ordnungsverr\u00fcckter Hausmeister, oder als skurriler Kellner, der nichts \u2013 aber gar nichts \u2013 gegen die Ratten in der K\u00fcche hat (keine Angst: Ratten als Kuscheltiere) oder als Elektriker ohne Ahnung, oder&#8230;<\/p>\n<p>Die Rollen-Palette des &#8220;Housch-ma-Housch&#8221; ist bunt und fast grenzenlos. Seinen durchtrainierten Oberk\u00f6rper entbl\u00f6\u00dft er ab und an und setzt gekonnt in Szene \u2013 die weiblichen Zuschauer kreischen&#8230;<\/p>\n<p>Desto gr\u00f6\u00dfer ist die \u00dcberraschung, wenn &#8220;Housch-ma-Housch&#8221; mit seinem K\u00f6nnen \u2013 Phantasiecomics-Zauber-Beatbox im Nu in seinen Bann zieht, verbl\u00fcfft und zu Mitmachaktionen animiert.<\/p>\n<p>Ein echter Gewinn f\u00fcr Show!<\/p>\n<h3>Video<\/h3>\n<div class=\"desktop\"><iframe class=\"sc-video\" width=\"540\" height=\"350\" src=\"https:\/\/www.youtube.com\/embed\/v-fUHVq52Ks\" frameborder=\"0\" allowfullscreen><\/iframe><\/div>\n<div class=\"mobile\">[youtube id=&#8221;v-fUHVq52Ks&#8221; width=&#8221;100%&#8221; height=&#8221;100%&#8221;]<\/div>\n<h3>Fotos<\/h3>\n<p><div id=\"jig5\" class=\"justified-image-grid jig-ffa2606626b95e1ede520fdfa5698a19 jig-preset-global\"><div class=\"jig-clearfix\"><\/div><noscript id=\"jig5-html\" class=\"justified-image-grid-html\" data-lazy-src=\"skiplazyload\" data-src=\"skipunveillazyload\"><ul><li><a href=\"https:\/\/www.housch-ma-housch.de\/wp-content\/uploads\/2013\/03\/01.-This-and-that-525x800.jpg\"><img src=\"https:\/\/www.housch-ma-housch.de\/wp-content\/plugins\/justified-image-grid\/timthumb.php?src=https%3A%2F%2Fwww.housch-ma-housch.de%2Fwp-content%2Fuploads%2F2013%2F03%2F01.-This-and-that-525x800.jpg&amp;h=200&amp;q=90&amp;f=.jpg\" alt=\"01. This and that\" width=\"131\" height=\"200\" \/><\/a><p class=\"jig-HTMLdescription\">01. This and that<br\/><\/p><\/li><li><a href=\"https:\/\/www.housch-ma-housch.de\/wp-content\/uploads\/2013\/03\/02.-This-and-that-900x591.jpg\"><img src=\"https:\/\/www.housch-ma-housch.de\/wp-content\/plugins\/justified-image-grid\/timthumb.php?src=https%3A%2F%2Fwww.housch-ma-housch.de%2Fwp-content%2Fuploads%2F2013%2F03%2F02.-This-and-that-900x591.jpg&amp;h=200&amp;q=90&amp;f=.jpg\" alt=\"02. This and that\" width=\"304\" height=\"200\" \/><\/a><p class=\"jig-HTMLdescription\">02. This and that<br\/><\/p><\/li><li><a href=\"https:\/\/www.housch-ma-housch.de\/wp-content\/uploads\/2013\/03\/03.-This-and-that-900x600.jpg\"><img src=\"https:\/\/www.housch-ma-housch.de\/wp-content\/plugins\/justified-image-grid\/timthumb.php?src=https%3A%2F%2Fwww.housch-ma-housch.de%2Fwp-content%2Fuploads%2F2013%2F03%2F03.-This-and-that-900x600.jpg&amp;h=200&amp;q=90&amp;f=.jpg\" alt=\"03. This and that\" width=\"300\" height=\"200\" \/><\/a><p class=\"jig-HTMLdescription\">03. This and that<br\/><\/p><\/li><li><a href=\"https:\/\/www.housch-ma-housch.de\/wp-content\/uploads\/2013\/03\/04.-This-and-that-900x599.jpg\"><img src=\"https:\/\/www.housch-ma-housch.de\/wp-content\/plugins\/justified-image-grid\/timthumb.php?src=https%3A%2F%2Fwww.housch-ma-housch.de%2Fwp-content%2Fuploads%2F2013%2F03%2F04.-This-and-that-900x599.jpg&amp;h=200&amp;q=90&amp;f=.jpg\" alt=\"04. This and that\" width=\"300\" height=\"200\" \/><\/a><p class=\"jig-HTMLdescription\">04. This and that<br\/><\/p><\/li><li><a href=\"https:\/\/www.housch-ma-housch.de\/wp-content\/uploads\/2013\/03\/05.-This-and-that-900x600.jpg\"><img src=\"https:\/\/www.housch-ma-housch.de\/wp-content\/plugins\/justified-image-grid\/timthumb.php?src=https%3A%2F%2Fwww.housch-ma-housch.de%2Fwp-content%2Fuploads%2F2013%2F03%2F05.-This-and-that-900x600.jpg&amp;h=200&amp;q=90&amp;f=.jpg\" alt=\"05. This and that\" width=\"300\" height=\"200\" \/><\/a><p class=\"jig-HTMLdescription\">05. This and that<br\/><\/p><\/li><\/ul><\/noscript><\/div><br \/>\n<\/p>\n<p>Geschichten 6, 7, 8, 9 und so weiter entstehen situativ und passend zu jeder Show bzw. Gala und werten diese mit ihrem Witz auf.<\/p>\n<p><\/p>","protected":false},"excerpt":{"rendered":"<p>Ein Clown zu sein, ist mehr, als ein L\u00e4cheln im [&hellip;]<\/p>\n","protected":false},"author":5,"featured_media":0,"parent":0,"menu_order":0,"comment_status":"closed","ping_status":"closed","template":"","meta":[],"yoast_head":"<!-- This site is optimized with the Yoast SEO plugin v19.3 - https:\/\/yoast.com\/wordpress\/plugins\/seo\/ -->\n<title>Sketches - Housch-ma-Housch<\/title>\n<meta name=\"robots\" content=\"index, follow, max-snippet:-1, max-image-preview:large, max-video-preview:-1\" \/>\n<link rel=\"canonical\" href=\"https:\/\/www.housch-ma-housch.de\/sketches\/\" \/>\n<meta property=\"og:locale\" content=\"de_DE\" \/>\n<meta property=\"og:type\" content=\"article\" \/>\n<meta property=\"og:title\" content=\"Sketches - Housch-ma-Housch\" \/>\n<meta property=\"og:description\" content=\"Ein Clown zu sein, ist mehr, als ein L\u00e4cheln im [&hellip;]\" \/>\n<meta property=\"og:url\" content=\"https:\/\/www.housch-ma-housch.de\/sketches\/\" \/>\n<meta property=\"og:site_name\" content=\"Housch-ma-Housch\" \/>\n<meta property=\"article:modified_time\" content=\"2021-12-07T09:12:33+00:00\" \/>\n<meta name=\"twitter:card\" content=\"summary_large_image\" \/>\n<meta name=\"twitter:label1\" content=\"Gesch\u00e4tzte Lesezeit\" \/>\n\t<meta name=\"twitter:data1\" content=\"9 Minuten\" \/>\n<script type=\"application\/ld+json\" class=\"yoast-schema-graph\">{\"@context\":\"https:\/\/schema.org\",\"@graph\":[{\"@type\":\"WebSite\",\"@id\":\"https:\/\/www.housch-ma-housch.de\/de\/#website\",\"url\":\"https:\/\/www.housch-ma-housch.de\/de\/\",\"name\":\"Housch-ma-Housch\",\"description\":\"M\u00e4rchenhafte und unvergessliche Comedy Show f\u00fcr die ganze Familie!\",\"potentialAction\":[{\"@type\":\"SearchAction\",\"target\":{\"@type\":\"EntryPoint\",\"urlTemplate\":\"https:\/\/www.housch-ma-housch.de\/de\/?s={search_term_string}\"},\"query-input\":\"required name=search_term_string\"}],\"inLanguage\":\"de-DE\"},{\"@type\":\"WebPage\",\"@id\":\"https:\/\/www.housch-ma-housch.de\/sketches\/\",\"url\":\"https:\/\/www.housch-ma-housch.de\/sketches\/\",\"name\":\"Sketches - Housch-ma-Housch\",\"isPartOf\":{\"@id\":\"https:\/\/www.housch-ma-housch.de\/de\/#website\"},\"datePublished\":\"2013-03-15T18:03:37+00:00\",\"dateModified\":\"2021-12-07T09:12:33+00:00\",\"breadcrumb\":{\"@id\":\"https:\/\/www.housch-ma-housch.de\/sketches\/#breadcrumb\"},\"inLanguage\":\"de-DE\",\"potentialAction\":[{\"@type\":\"ReadAction\",\"target\":[\"https:\/\/www.housch-ma-housch.de\/sketches\/\"]}]},{\"@type\":\"BreadcrumbList\",\"@id\":\"https:\/\/www.housch-ma-housch.de\/sketches\/#breadcrumb\",\"itemListElement\":[{\"@type\":\"ListItem\",\"position\":1,\"name\":\"Startseite\",\"item\":\"https:\/\/www.housch-ma-housch.de\/\"},{\"@type\":\"ListItem\",\"position\":2,\"name\":\"Sketches\"}]}]}<\/script>\n<!-- \/ Yoast SEO plugin. -->","yoast_head_json":{"title":"Sketches - Housch-ma-Housch","robots":{"index":"index","follow":"follow","max-snippet":"max-snippet:-1","max-image-preview":"max-image-preview:large","max-video-preview":"max-video-preview:-1"},"canonical":"https:\/\/www.housch-ma-housch.de\/sketches\/","og_locale":"de_DE","og_type":"article","og_title":"Sketches - Housch-ma-Housch","og_description":"Ein Clown zu sein, ist mehr, als ein L\u00e4cheln im [&hellip;]","og_url":"https:\/\/www.housch-ma-housch.de\/sketches\/","og_site_name":"Housch-ma-Housch","article_modified_time":"2021-12-07T09:12:33+00:00","twitter_card":"summary_large_image","twitter_misc":{"Gesch\u00e4tzte Lesezeit":"9 Minuten"},"schema":{"@context":"https:\/\/schema.org","@graph":[{"@type":"WebSite","@id":"https:\/\/www.housch-ma-housch.de\/de\/#website","url":"https:\/\/www.housch-ma-housch.de\/de\/","name":"Housch-ma-Housch","description":"M\u00e4rchenhafte und unvergessliche Comedy Show f\u00fcr die ganze Familie!","potentialAction":[{"@type":"SearchAction","target":{"@type":"EntryPoint","urlTemplate":"https:\/\/www.housch-ma-housch.de\/de\/?s={search_term_string}"},"query-input":"required name=search_term_string"}],"inLanguage":"de-DE"},{"@type":"WebPage","@id":"https:\/\/www.housch-ma-housch.de\/sketches\/","url":"https:\/\/www.housch-ma-housch.de\/sketches\/","name":"Sketches - Housch-ma-Housch","isPartOf":{"@id":"https:\/\/www.housch-ma-housch.de\/de\/#website"},"datePublished":"2013-03-15T18:03:37+00:00","dateModified":"2021-12-07T09:12:33+00:00","breadcrumb":{"@id":"https:\/\/www.housch-ma-housch.de\/sketches\/#breadcrumb"},"inLanguage":"de-DE","potentialAction":[{"@type":"ReadAction","target":["https:\/\/www.housch-ma-housch.de\/sketches\/"]}]},{"@type":"BreadcrumbList","@id":"https:\/\/www.housch-ma-housch.de\/sketches\/#breadcrumb","itemListElement":[{"@type":"ListItem","position":1,"name":"Startseite","item":"https:\/\/www.housch-ma-housch.de\/"},{"@type":"ListItem","position":2,"name":"Sketches"}]}]}},"_links":{"self":[{"href":"https:\/\/www.housch-ma-housch.de\/de\/wp-json\/wp\/v2\/pages\/1506"}],"collection":[{"href":"https:\/\/www.housch-ma-housch.de\/de\/wp-json\/wp\/v2\/pages"}],"about":[{"href":"https:\/\/www.housch-ma-housch.de\/de\/wp-json\/wp\/v2\/types\/page"}],"author":[{"embeddable":true,"href":"https:\/\/www.housch-ma-housch.de\/de\/wp-json\/wp\/v2\/users\/5"}],"replies":[{"embeddable":true,"href":"https:\/\/www.housch-ma-housch.de\/de\/wp-json\/wp\/v2\/comments?post=1506"}],"version-history":[{"count":63,"href":"https:\/\/www.housch-ma-housch.de\/de\/wp-json\/wp\/v2\/pages\/1506\/revisions"}],"predecessor-version":[{"id":5994,"href":"https:\/\/www.housch-ma-housch.de\/de\/wp-json\/wp\/v2\/pages\/1506\/revisions\/5994"}],"wp:attachment":[{"href":"https:\/\/www.housch-ma-housch.de\/de\/wp-json\/wp\/v2\/media?parent=1506"}],"curies":[{"name":"wp","href":"https:\/\/api.w.org\/{rel}","templated":true}]}}