{"id":1514,"date":"2013-03-15T19:08:26","date_gmt":"2013-03-15T18:08:26","guid":{"rendered":"http:\/\/www.housch-ma-housch.de\/wp\/?page_id=1514"},"modified":"2022-06-26T13:41:19","modified_gmt":"2022-06-26T12:41:19","slug":"one-man-show","status":"publish","type":"page","link":"https:\/\/www.housch-ma-housch.de\/de\/one-man-show\/","title":{"rendered":"Theater"},"content":{"rendered":"<p><\/p>\n<p>Auch wenn man ihn nur einmal gesehen hat, vergisst man ihn nie wieder. Housch-ma-Housch, eine wie durch einen Federstrich lebendig gewordene M\u00e4rchengestalt, h\u00f6rt nicht auf zu spielen, Witze zu machen und zu lachen \u00fcber sich und die Welt. Seine sanfte K\u00f6rpersprache, sein internationaler Wortschatz und die F\u00e4higkeit aus dem Nichts zu improvisieren, geh\u00f6ren zu der Art von Komik, die unsterblich ist und gleicherma\u00dfen Erwachsene und Kinder anspricht. Die Gem\u00e4chlichkeit von Housch-ma-Housch verwandelt sich in st\u00fcrmische Aktionen, sein Exzentrismus in wilde Energie. Er ist impulsiv, neugierig, sentimental und r\u00fchrend.<\/p>\n<p>Der Sch\u00f6pfer von Housch-ma-Housch ist Simon Schuster, ein talentierter K\u00fcnstler mit ph\u00e4nomenalem Charme. Sein ganzes Leben sammelt er lustige Geschichten, versucht in jedem Erlebnis etwas Sonderbares zu finden und mit einem L\u00e4cheln auf alles Verdrehte und Verwirrte zu blicken. Seine Entdeckungen verarbeitet er zu einer einst\u00fcndigen Auff\u00fchrung. Sie zu sehen ist ein Highlight. Sein origineller Humor verbunden mit einer ausgezeichneten Kenntnis der menschlichen Natur macht die Show von Housch-ma-Housch zu einem gro\u00dfartigen Schauspiel \u00fcber Begegnungen, Trennungen, Wehmut, Tr\u00e4ume und Gl\u00fcck.<\/p>\n<h2>Video<\/h2>\n<div class=\"desktop\"><iframe class=\"sc-video\" width=\"540\" height=\"350\" src=\"https:\/\/www.youtube.com\/embed\/p7lrUtiytnM\" frameborder=\"0\" allowfullscreen><\/iframe><\/div>\n<div class=\"mobile\">[youtube id=&#8221;p7lrUtiytnM&#8221; width=&#8221;100%&#8221; height=&#8221;100%&#8221;]<\/div>\n<h2>Fotos<\/h2>\n<div id=\"jig1\" class=\"justified-image-grid jig-95a5fb3e13208a5be60eb1028877260c jig-preset-global\"><div class=\"jig-clearfix\"><\/div><noscript id=\"jig1-html\" class=\"justified-image-grid-html\" data-lazy-src=\"skiplazyload\" data-src=\"skipunveillazyload\"><ul><li><a href=\"https:\/\/www.housch-ma-housch.de\/wp-content\/uploads\/2019\/09\/01.-Show-Housch-ma-Housch-Sasha-Tordushnikova.jpg\"><img src=\"https:\/\/www.housch-ma-housch.de\/wp-content\/plugins\/justified-image-grid\/timthumb.php?src=https%3A%2F%2Fwww.housch-ma-housch.de%2Fwp-content%2Fuploads%2F2019%2F09%2F01.-Show-Housch-ma-Housch-Sasha-Tordushnikova.jpg&amp;h=200&amp;q=90&amp;f=.jpg\" alt=\"01. Show Housch-ma-Housch (Sasha Tordushnikova)\" width=\"200\" height=\"200\" \/><\/a><p class=\"jig-HTMLdescription\">01. Show Housch-ma-Housch (Sasha Tordushnikova)<br\/><\/p><\/li><li><a href=\"https:\/\/www.housch-ma-housch.de\/wp-content\/uploads\/2019\/09\/02.-Show-Housch-ma-Housch-Pit-Buehler.jpg\"><img src=\"https:\/\/www.housch-ma-housch.de\/wp-content\/plugins\/justified-image-grid\/timthumb.php?src=https%3A%2F%2Fwww.housch-ma-housch.de%2Fwp-content%2Fuploads%2F2019%2F09%2F02.-Show-Housch-ma-Housch-Pit-Buehler.jpg&amp;h=200&amp;q=90&amp;f=.jpg\" alt=\"02. Show Housch-ma-Housch (Pit Buehler)\" width=\"142\" height=\"200\" \/><\/a><p class=\"jig-HTMLdescription\">02. Show Housch-ma-Housch (Pit Buehler)<br\/><\/p><\/li><li><a href=\"https:\/\/www.housch-ma-housch.de\/wp-content\/uploads\/2019\/09\/03.-Show-Housch-ma-Housch-Stanislav-Lomakin-1000x684.jpg\"><img src=\"https:\/\/www.housch-ma-housch.de\/wp-content\/plugins\/justified-image-grid\/timthumb.php?src=https%3A%2F%2Fwww.housch-ma-housch.de%2Fwp-content%2Fuploads%2F2019%2F09%2F03.-Show-Housch-ma-Housch-Stanislav-Lomakin-1000x684.jpg&amp;h=200&amp;q=90&amp;f=.jpg\" alt=\"03. Show Housch-ma-Housch (Stanislav Lomakin)\" width=\"292\" height=\"200\" \/><\/a><p class=\"jig-HTMLdescription\">03. Show Housch-ma-Housch (Stanislav Lomakin)<br\/><\/p><\/li><li><a href=\"https:\/\/www.housch-ma-housch.de\/wp-content\/uploads\/2019\/09\/04.-Show-Housch-ma-Housch-1000x667.jpg\"><img src=\"https:\/\/www.housch-ma-housch.de\/wp-content\/plugins\/justified-image-grid\/timthumb.php?src=https%3A%2F%2Fwww.housch-ma-housch.de%2Fwp-content%2Fuploads%2F2019%2F09%2F04.-Show-Housch-ma-Housch-1000x667.jpg&amp;h=200&amp;q=90&amp;f=.jpg\" alt=\"04. Show Housch-ma-Housch\" width=\"299\" height=\"200\" \/><\/a><p class=\"jig-HTMLdescription\">04. Show Housch-ma-Housch<br\/><\/p><\/li><li><a href=\"https:\/\/www.housch-ma-housch.de\/wp-content\/uploads\/2019\/09\/05.-Show-Housch-ma-Housch-1000x666.jpg\"><img src=\"https:\/\/www.housch-ma-housch.de\/wp-content\/plugins\/justified-image-grid\/timthumb.php?src=https%3A%2F%2Fwww.housch-ma-housch.de%2Fwp-content%2Fuploads%2F2019%2F09%2F05.-Show-Housch-ma-Housch-1000x666.jpg&amp;h=200&amp;q=90&amp;f=.jpg\" alt=\"05. Show Housch-ma-Housch\" width=\"300\" height=\"200\" \/><\/a><p class=\"jig-HTMLdescription\">05. Show Housch-ma-Housch<br\/><\/p><\/li><li><a href=\"https:\/\/www.housch-ma-housch.de\/wp-content\/uploads\/2019\/09\/06.-Show-Housch-ma-Housch-Stanislav-Lomakin.jpg\"><img src=\"https:\/\/www.housch-ma-housch.de\/wp-content\/plugins\/justified-image-grid\/timthumb.php?src=https%3A%2F%2Fwww.housch-ma-housch.de%2Fwp-content%2Fuploads%2F2019%2F09%2F06.-Show-Housch-ma-Housch-Stanislav-Lomakin.jpg&amp;h=200&amp;q=90&amp;f=.jpg\" alt=\"06. Show Housch-ma-Housch (Stanislav Lomakin)\" width=\"271\" height=\"200\" \/><\/a><p class=\"jig-HTMLdescription\">06. Show Housch-ma-Housch (Stanislav Lomakin)<br\/><\/p><\/li><li><a href=\"https:\/\/www.housch-ma-housch.de\/wp-content\/uploads\/2019\/09\/07.-Show-Housch-ma-Housch-Stanislav-Lomakin.jpg\"><img src=\"https:\/\/www.housch-ma-housch.de\/wp-content\/plugins\/justified-image-grid\/timthumb.php?src=https%3A%2F%2Fwww.housch-ma-housch.de%2Fwp-content%2Fuploads%2F2019%2F09%2F07.-Show-Housch-ma-Housch-Stanislav-Lomakin.jpg&amp;h=200&amp;q=90&amp;f=.jpg\" alt=\"07. Show Housch-ma-Housch (Stanislav Lomakin)\" width=\"280\" height=\"200\" \/><\/a><p class=\"jig-HTMLdescription\">07. Show Housch-ma-Housch (Stanislav Lomakin)<br\/><\/p><\/li><li><a href=\"https:\/\/www.housch-ma-housch.de\/wp-content\/uploads\/2019\/09\/08.-Show-Housch-ma-Housch-Stanislav-Lomakin.jpg\"><img src=\"https:\/\/www.housch-ma-housch.de\/wp-content\/plugins\/justified-image-grid\/timthumb.php?src=https%3A%2F%2Fwww.housch-ma-housch.de%2Fwp-content%2Fuploads%2F2019%2F09%2F08.-Show-Housch-ma-Housch-Stanislav-Lomakin.jpg&amp;h=200&amp;q=90&amp;f=.jpg\" alt=\"08. Show Housch-ma-Housch (Stanislav Lomakin)\" width=\"274\" height=\"200\" \/><\/a><p class=\"jig-HTMLdescription\">08. Show Housch-ma-Housch (Stanislav Lomakin)<br\/><\/p><\/li><li><a href=\"https:\/\/www.housch-ma-housch.de\/wp-content\/uploads\/2019\/09\/09.-Show-Housch-ma-Housch-Stanislav-Lomakin.jpg\"><img src=\"https:\/\/www.housch-ma-housch.de\/wp-content\/plugins\/justified-image-grid\/timthumb.php?src=https%3A%2F%2Fwww.housch-ma-housch.de%2Fwp-content%2Fuploads%2F2019%2F09%2F09.-Show-Housch-ma-Housch-Stanislav-Lomakin.jpg&amp;h=200&amp;q=90&amp;f=.jpg\" alt=\"09. Show Housch-ma-Housch (Stanislav Lomakin)\" width=\"275\" height=\"200\" \/><\/a><p class=\"jig-HTMLdescription\">09. Show Housch-ma-Housch (Stanislav Lomakin)<br\/><\/p><\/li><li><a href=\"https:\/\/www.housch-ma-housch.de\/wp-content\/uploads\/2019\/09\/10.-Show-Housch-ma-Housch-Stanislav-Lomakin.jpg\"><img src=\"https:\/\/www.housch-ma-housch.de\/wp-content\/plugins\/justified-image-grid\/timthumb.php?src=https%3A%2F%2Fwww.housch-ma-housch.de%2Fwp-content%2Fuploads%2F2019%2F09%2F10.-Show-Housch-ma-Housch-Stanislav-Lomakin.jpg&amp;h=200&amp;q=90&amp;f=.jpg\" alt=\"10. Show Housch-ma-Housch (Stanislav Lomakin)\" width=\"170\" height=\"200\" \/><\/a><p class=\"jig-HTMLdescription\">10. Show Housch-ma-Housch (Stanislav Lomakin)<br\/><\/p><\/li><\/ul><\/noscript><\/div>\n\n<p><a class=\"mobile\" href=\"https:\/\/www.housch-ma-housch.de\/de\/neugierig\/\"><img loading=\"lazy\" style=\"margin-top: 5px; margin-bottom: -15px;\" title=\"Interessant? Hier kostenlose Anfrage!\" src=\"https:\/\/www.housch-ma-housch.de\/wp-content\/uploads\/2014\/01\/Interessant-Mobile-Button-Deutsch.png\" alt=\"Interessant? Hier kostenlose Anfrage!\" width=\"100%\" height=\"100%\" \/><\/a><\/p>\n<div class=\"mobile\">\n<\/p>\n<hr \/>\n<p><\/p>\n<div><a data-icon=\"arrow-l\" href=\"page-styles.html\" data-role=\"button\" data-direction=\"reverse\"  rel=\"external\" data-rel=\"back\">Zur\u00fcck<\/a><\/div>\n<\/div>\n<p><\/p>","protected":false},"excerpt":{"rendered":"<p>Auch wenn man ihn nur einmal gesehen hat, vergisst man [&hellip;]<\/p>\n","protected":false},"author":5,"featured_media":0,"parent":0,"menu_order":0,"comment_status":"closed","ping_status":"closed","template":"","meta":[],"yoast_head":"<!-- This site is optimized with the Yoast SEO plugin v19.3 - https:\/\/yoast.com\/wordpress\/plugins\/seo\/ -->\n<title>Theater - Housch-ma-Housch<\/title>\n<meta name=\"robots\" content=\"index, follow, max-snippet:-1, max-image-preview:large, max-video-preview:-1\" \/>\n<link rel=\"canonical\" href=\"https:\/\/www.housch-ma-housch.de\/one-man-show\/\" \/>\n<meta property=\"og:locale\" content=\"de_DE\" \/>\n<meta property=\"og:type\" content=\"article\" \/>\n<meta property=\"og:title\" content=\"Theater - Housch-ma-Housch\" \/>\n<meta property=\"og:description\" content=\"Auch wenn man ihn nur einmal gesehen hat, vergisst man [&hellip;]\" \/>\n<meta property=\"og:url\" content=\"https:\/\/www.housch-ma-housch.de\/one-man-show\/\" \/>\n<meta property=\"og:site_name\" content=\"Housch-ma-Housch\" \/>\n<meta property=\"article:modified_time\" content=\"2022-06-26T12:41:19+00:00\" \/>\n<meta property=\"og:image\" content=\"https:\/\/www.housch-ma-housch.de\/wp-content\/uploads\/2014\/01\/Interessant-Mobile-Button-Deutsch.png\" \/>\n<meta name=\"twitter:card\" content=\"summary_large_image\" \/>\n<meta name=\"twitter:label1\" content=\"Gesch\u00e4tzte Lesezeit\" \/>\n\t<meta name=\"twitter:data1\" content=\"2 Minuten\" \/>\n<script type=\"application\/ld+json\" class=\"yoast-schema-graph\">{\"@context\":\"https:\/\/schema.org\",\"@graph\":[{\"@type\":\"WebSite\",\"@id\":\"https:\/\/www.housch-ma-housch.de\/de\/#website\",\"url\":\"https:\/\/www.housch-ma-housch.de\/de\/\",\"name\":\"Housch-ma-Housch\",\"description\":\"M\u00e4rchenhafte und unvergessliche Comedy Show f\u00fcr die ganze Familie!\",\"potentialAction\":[{\"@type\":\"SearchAction\",\"target\":{\"@type\":\"EntryPoint\",\"urlTemplate\":\"https:\/\/www.housch-ma-housch.de\/de\/?s={search_term_string}\"},\"query-input\":\"required name=search_term_string\"}],\"inLanguage\":\"de-DE\"},{\"@type\":\"ImageObject\",\"inLanguage\":\"de-DE\",\"@id\":\"https:\/\/www.housch-ma-housch.de\/one-man-show\/#primaryimage\",\"url\":\"https:\/\/www.housch-ma-housch.de\/wp-content\/uploads\/2014\/01\/Interessant-Mobile-Button-Deutsch.png\",\"contentUrl\":\"https:\/\/www.housch-ma-housch.de\/wp-content\/uploads\/2014\/01\/Interessant-Mobile-Button-Deutsch.png\",\"width\":640,\"height\":190},{\"@type\":\"WebPage\",\"@id\":\"https:\/\/www.housch-ma-housch.de\/one-man-show\/\",\"url\":\"https:\/\/www.housch-ma-housch.de\/one-man-show\/\",\"name\":\"Theater - Housch-ma-Housch\",\"isPartOf\":{\"@id\":\"https:\/\/www.housch-ma-housch.de\/de\/#website\"},\"primaryImageOfPage\":{\"@id\":\"https:\/\/www.housch-ma-housch.de\/one-man-show\/#primaryimage\"},\"datePublished\":\"2013-03-15T18:08:26+00:00\",\"dateModified\":\"2022-06-26T12:41:19+00:00\",\"breadcrumb\":{\"@id\":\"https:\/\/www.housch-ma-housch.de\/one-man-show\/#breadcrumb\"},\"inLanguage\":\"de-DE\",\"potentialAction\":[{\"@type\":\"ReadAction\",\"target\":[\"https:\/\/www.housch-ma-housch.de\/one-man-show\/\"]}]},{\"@type\":\"BreadcrumbList\",\"@id\":\"https:\/\/www.housch-ma-housch.de\/one-man-show\/#breadcrumb\",\"itemListElement\":[{\"@type\":\"ListItem\",\"position\":1,\"name\":\"Startseite\",\"item\":\"https:\/\/www.housch-ma-housch.de\/\"},{\"@type\":\"ListItem\",\"position\":2,\"name\":\"Theater\"}]}]}<\/script>\n<!-- \/ Yoast SEO plugin. -->","yoast_head_json":{"title":"Theater - Housch-ma-Housch","robots":{"index":"index","follow":"follow","max-snippet":"max-snippet:-1","max-image-preview":"max-image-preview:large","max-video-preview":"max-video-preview:-1"},"canonical":"https:\/\/www.housch-ma-housch.de\/one-man-show\/","og_locale":"de_DE","og_type":"article","og_title":"Theater - Housch-ma-Housch","og_description":"Auch wenn man ihn nur einmal gesehen hat, vergisst man [&hellip;]","og_url":"https:\/\/www.housch-ma-housch.de\/one-man-show\/","og_site_name":"Housch-ma-Housch","article_modified_time":"2022-06-26T12:41:19+00:00","og_image":[{"url":"https:\/\/www.housch-ma-housch.de\/wp-content\/uploads\/2014\/01\/Interessant-Mobile-Button-Deutsch.png"}],"twitter_card":"summary_large_image","twitter_misc":{"Gesch\u00e4tzte Lesezeit":"2 Minuten"},"schema":{"@context":"https:\/\/schema.org","@graph":[{"@type":"WebSite","@id":"https:\/\/www.housch-ma-housch.de\/de\/#website","url":"https:\/\/www.housch-ma-housch.de\/de\/","name":"Housch-ma-Housch","description":"M\u00e4rchenhafte und unvergessliche Comedy Show f\u00fcr die ganze Familie!","potentialAction":[{"@type":"SearchAction","target":{"@type":"EntryPoint","urlTemplate":"https:\/\/www.housch-ma-housch.de\/de\/?s={search_term_string}"},"query-input":"required name=search_term_string"}],"inLanguage":"de-DE"},{"@type":"ImageObject","inLanguage":"de-DE","@id":"https:\/\/www.housch-ma-housch.de\/one-man-show\/#primaryimage","url":"https:\/\/www.housch-ma-housch.de\/wp-content\/uploads\/2014\/01\/Interessant-Mobile-Button-Deutsch.png","contentUrl":"https:\/\/www.housch-ma-housch.de\/wp-content\/uploads\/2014\/01\/Interessant-Mobile-Button-Deutsch.png","width":640,"height":190},{"@type":"WebPage","@id":"https:\/\/www.housch-ma-housch.de\/one-man-show\/","url":"https:\/\/www.housch-ma-housch.de\/one-man-show\/","name":"Theater - Housch-ma-Housch","isPartOf":{"@id":"https:\/\/www.housch-ma-housch.de\/de\/#website"},"primaryImageOfPage":{"@id":"https:\/\/www.housch-ma-housch.de\/one-man-show\/#primaryimage"},"datePublished":"2013-03-15T18:08:26+00:00","dateModified":"2022-06-26T12:41:19+00:00","breadcrumb":{"@id":"https:\/\/www.housch-ma-housch.de\/one-man-show\/#breadcrumb"},"inLanguage":"de-DE","potentialAction":[{"@type":"ReadAction","target":["https:\/\/www.housch-ma-housch.de\/one-man-show\/"]}]},{"@type":"BreadcrumbList","@id":"https:\/\/www.housch-ma-housch.de\/one-man-show\/#breadcrumb","itemListElement":[{"@type":"ListItem","position":1,"name":"Startseite","item":"https:\/\/www.housch-ma-housch.de\/"},{"@type":"ListItem","position":2,"name":"Theater"}]}]}},"_links":{"self":[{"href":"https:\/\/www.housch-ma-housch.de\/de\/wp-json\/wp\/v2\/pages\/1514"}],"collection":[{"href":"https:\/\/www.housch-ma-housch.de\/de\/wp-json\/wp\/v2\/pages"}],"about":[{"href":"https:\/\/www.housch-ma-housch.de\/de\/wp-json\/wp\/v2\/types\/page"}],"author":[{"embeddable":true,"href":"https:\/\/www.housch-ma-housch.de\/de\/wp-json\/wp\/v2\/users\/5"}],"replies":[{"embeddable":true,"href":"https:\/\/www.housch-ma-housch.de\/de\/wp-json\/wp\/v2\/comments?post=1514"}],"version-history":[{"count":49,"href":"https:\/\/www.housch-ma-housch.de\/de\/wp-json\/wp\/v2\/pages\/1514\/revisions"}],"predecessor-version":[{"id":6079,"href":"https:\/\/www.housch-ma-housch.de\/de\/wp-json\/wp\/v2\/pages\/1514\/revisions\/6079"}],"wp:attachment":[{"href":"https:\/\/www.housch-ma-housch.de\/de\/wp-json\/wp\/v2\/media?parent=1514"}],"curies":[{"name":"wp","href":"https:\/\/api.w.org\/{rel}","templated":true}]}}