{"id":3736,"date":"2013-11-17T14:31:50","date_gmt":"2013-11-17T13:31:50","guid":{"rendered":"http:\/\/www.housch-ma-housch.de\/?page_id=3736"},"modified":"2019-09-11T09:12:27","modified_gmt":"2019-09-11T08:12:27","slug":"festival-mondial-du-cirque-de-demain-2014","status":"publish","type":"page","link":"https:\/\/www.housch-ma-housch.de\/de\/festival-mondial-du-cirque-de-demain-2014\/","title":{"rendered":"Festival Mondial du Cirque de Demain 2014"},"content":{"rendered":"<p><\/p>\n<div class=\"mobile\">\n<img loading=\"lazy\" alt=\"Festival Mondial du Cirque de Demain 2014\" title=\"Festival Mondial du Cirque de Demain 2014\" src=\"https:\/\/www.housch-ma-housch.de\/wp-content\/uploads\/2014\/01\/Landing-Page-Mobile.jpg\" width=\"100%\" height=\"100%\" \/><br \/>\n<a href=\"\" target=\"_self\" class=\"sc-button small black\"><span>DEUTSCH<\/span><\/a><br \/>\n<a href=\"\" target=\"_self\" class=\"sc-button small black\"><span>ENGLISH<\/span><\/a><br \/>\n<a href=\"\" target=\"_self\" class=\"sc-button small black\"><span>\u0420\u0423\u0421\u0421\u041a\u0418\u0419<\/span><\/a>\n<\/div>\n<h2>Sie haben uns gefunden!<\/h2>\n<p>Sehr geehrte G\u00e4ste, liebe Freunde,<\/p>\n<p>wir freuen uns, Sie auf der offiziellen Webseite von &#8220;Housch-ma-Housch Produktion GmbH&#8221; begr\u00fc\u00dfen zu d\u00fcrfen. Unser Webportal bietet Ihnen eine einzigartige M\u00f6glichkeit &#8211; eine spannende Reise in die Zauberwelt der Magie, des Zirkus und des Theaters.<\/p>\n<p>Wenn Ihre Interessen \u00fcber die Grenzen der intellektuellen und \u00e4sthetischen Welt und der menschlichen Wissbegierde hinausgehen und zudem auch sachlicher Natur sind, freuen wir uns sehr auf eine Zusammenarbeit mit Ihnen.<\/p>\n<p>Neue Perspektiven, mutige Entscheidungen, Bereitstellung einzigartiger M\u00f6glichkeiten, Atmosph\u00e4re des sch\u00f6pferischen Schaffens, sowie der Geist einer zuverl\u00e4ssigen Partnerschaft &#8211; ist bei Weitem nicht die vollst\u00e4ndige Aufz\u00e4hlung der Punkt, die Sie sicher bei einer Zusammenarbeit mit uns finden werden.<\/p>\n<p>Wir freuen uns auf Ihre Fragen und Anregungen&#8230;<\/p>\n<h2>Besser ein Mal zu sehen, als hundert Mal zu h\u00f6ren<\/h2>\n<div class=\"desktop\"><iframe class=\"sc-video\" width=\"540\" height=\"304\" src=\"https:\/\/www.youtube.com\/embed\/uhJvcUHXDxU\" frameborder=\"0\" allowfullscreen><\/iframe><\/div>\n<div class=\"mobile\">[youtube id=&#8221;uhJvcUHXDxU&#8221; width=&#8221;100%&#8221; height=&#8221;100%&#8221;]<\/div>\n<h2>\u00dcbersicht der Leistungen<\/h2>\n<p>&#8220;Housch-ma-Housch Production GmbH&#8221; ist Ihr zuverl\u00e4ssiger Partner f\u00fcr unvergessliche und atemberaubende Events und Shows f\u00fcr jeden Anlass.<\/p>\n<p>Ob nur eine originelle Idee, eine einzelne Showkomponente oder eine ganze Showproduktion &#8211; Wir organisieren, gestalten und inszenieren jedes Event individuell und exakt nach Ihren Bed\u00fcrfnissen und W\u00fcnschen. Vertrauen Sie dabei auf unsere jahrelange Erfahrung mit kreativsten Menschen dieser Branche und lassen Sie sich von unserem einzigartigen K\u00f6nnen beeindrucken.<\/p>\n<p>Kein Weg zu weit, keine Anfrage zu skurril. Wir wachsen mit Ihren Anspr\u00fcchen, darauf k\u00f6nnen Sie sich verlassen!<\/p>\n<p><img class=\"desktop\" style=\"margin-top: 35px; margin-bottom: 35px;\" alt=\"\u00dcbersicht der Leistungen\" title=\"\u00dcbersicht der Leistungen\" src=\"https:\/\/www.housch-ma-housch.de\/wp-content\/uploads\/2014\/01\/Leistungsueberblick.png\" \/><br \/>\n<img loading=\"lazy\" class=\"mobile\" style=\"margin-top: 5px; margin-bottom: 5px;\" alt=\"\u00dcbersicht der Leistungen\" title=\"\u00dcbersicht der Leistungen\" src=\"https:\/\/www.housch-ma-housch.de\/wp-content\/uploads\/2014\/01\/Leistungsueberblick-Mobil.png\" width=\"100%\" height=\"100%\" \/> <\/p>\n<p><strong>Leistungs\u00fcberblick:<\/strong><\/p>\n<ul>\n<li>Kompletter Service in der Showproduktion und Eventorganisation<\/li>\n<li>Ideen- und Konzeptentwicklung<\/li>\n<li>Vermittlung internationaler K\u00fcnstler in verschiedenen Qualit\u00e4tskategorien<\/li>\n<li>Koordinierung der Ton-, Licht- und B\u00fchnentechnik<\/li>\n<li>Erstellung individueller Projektionen und Videos f\u00fcr die Show<\/li>\n<li>Entwurf und Anfertigung von Kost\u00fcmen, B\u00fchnenbild und Requisiten<\/li>\n<li>Finanzen- und Budgetplanung<\/li>\n<li>K\u00fcnstlermanagement und -marketing f\u00fcr Newcomer<\/li>\n<li>und vieles mehr&#8230;<\/li>\n<\/ul>\n<p>Au\u00dferdem bieten wir Ihnen unsere kreativen Ideen und Professionalit\u00e4t in der Gestaltung und Umsetzung der Werbe- und Medienproduktion (Digital-, Print-, Web- und Interfacedesign).<\/p>\n<p><img class=\"desktop\" style=\"margin-top: 35px; margin-bottom: 15px;\" alt=\"Interessant?\" title=\"Interessant?\" src=\"https:\/\/www.housch-ma-housch.de\/wp-content\/uploads\/2014\/01\/Interessant-Visual-Deutsch.png\" \/><br \/>\n<img loading=\"lazy\" class=\"mobile\" style=\"margin-top: 15px; margin-bottom: 5px;\" alt=\"Interessant?\" title=\"Interessant?\" src=\"https:\/\/www.housch-ma-housch.de\/wp-content\/uploads\/2014\/01\/Interessant-Mobile-Visual-Deutsch.png\" width=\"100%\" height=\"100%\" \/> <\/p>\n<div role=\"form\" class=\"wpcf7\" id=\"wpcf7-f3738-o1\" lang=\"de-DE\" dir=\"ltr\">\n<div class=\"screen-reader-response\"><p role=\"status\" aria-live=\"polite\" aria-atomic=\"true\"><\/p> <ul><\/ul><\/div>\n<form action=\"\/de\/wp-json\/wp\/v2\/pages\/3736#wpcf7-f3738-o1\" method=\"post\" class=\"wpcf7-form init cf7-style cf7-style-5450\" novalidate=\"novalidate\" data-status=\"init\">\n<div style=\"display: none;\">\n<input type=\"hidden\" name=\"_wpcf7\" value=\"3738\" \/>\n<input type=\"hidden\" name=\"_wpcf7_version\" value=\"5.6.1\" \/>\n<input type=\"hidden\" name=\"_wpcf7_locale\" value=\"de_DE\" \/>\n<input type=\"hidden\" name=\"_wpcf7_unit_tag\" value=\"wpcf7-f3738-o1\" \/>\n<input type=\"hidden\" name=\"_wpcf7_container_post\" value=\"0\" \/>\n<input type=\"hidden\" name=\"_wpcf7_posted_data_hash\" value=\"\" \/>\n<\/div>\n<p><strong>Ihr Name<\/strong> (Pflichtfeld)<br \/>\n    <span class=\"wpcf7-form-control-wrap\" data-name=\"your-name\"><input type=\"text\" name=\"your-name\" value=\"\" size=\"40\" class=\"wpcf7-form-control wpcf7-text wpcf7-validates-as-required formular\" aria-required=\"true\" aria-invalid=\"false\" \/><\/span> <\/p>\n<p><strong>Ihre E-Mail-Adresse<\/strong> (Pflichtfeld)<br \/>\n    <span class=\"wpcf7-form-control-wrap\" data-name=\"your-email\"><input type=\"email\" name=\"your-email\" value=\"\" size=\"40\" class=\"wpcf7-form-control wpcf7-text wpcf7-email wpcf7-validates-as-required wpcf7-validates-as-email formular\" aria-required=\"true\" aria-invalid=\"false\" \/><\/span> <\/p>\n<p><strong>Ihre Webseite<\/strong><br \/>\n<span class=\"wpcf7-form-control-wrap\" data-name=\"url\"><input type=\"text\" name=\"url\" value=\"\" size=\"40\" class=\"wpcf7-form-control wpcf7-text wpcf7-validates-as-required formular\" aria-required=\"true\" aria-invalid=\"false\" \/><\/span><\/p>\n<p><strong>Betreff<\/strong><br \/>\n    <span class=\"wpcf7-form-control-wrap\" data-name=\"your-subject\"><input type=\"text\" name=\"your-subject\" value=\"\" size=\"40\" class=\"wpcf7-form-control wpcf7-text formular\" aria-invalid=\"false\" \/><\/span> <\/p>\n<p><strong>Ihre Nachricht<\/strong><br \/>\n    <span class=\"wpcf7-form-control-wrap\" data-name=\"your-message\"><textarea name=\"your-message\" cols=\"40\" rows=\"10\" class=\"wpcf7-form-control wpcf7-textarea formular\" aria-invalid=\"false\"><\/textarea><\/span> <\/p>\n<p><strong>Sie interessieren sich f\u00fcr...<\/strong><br \/>\n<span class=\"wpcf7-form-control-wrap\" data-name=\"menu-264\"><select name=\"menu-264\" class=\"wpcf7-form-control wpcf7-select formular\" aria-invalid=\"false\"><option value=\"- ausw\u00e4hlen -\">- ausw\u00e4hlen -<\/option><option value=\"Artisten\">Artisten<\/option><option value=\"Eventorganisation\">Eventorganisation<\/option><option value=\"Fertige Shows\">Fertige Shows<\/option><option value=\"Media Design\">Media Design<\/option><option value=\"Projektionen\">Projektionen<\/option><option value=\"Regie\">Regie<\/option><option value=\"Showproduktion\">Showproduktion<\/option><option value=\"anderes...\">anderes...<\/option><\/select><\/span><\/p>\n<p><span id=\"wpcf7-69e313bcb0d5f-wrapper\" class=\"wpcf7-form-control-wrap honeypot-189-wrap\" style=\"display:none !important; visibility:hidden !important;\"><label for=\"wpcf7-69e313bcb0d5f-field\" class=\"hp-message\">Bitte lasse dieses Feld leer.<\/label><input id=\"wpcf7-69e313bcb0d5f-field\"  class=\"wpcf7-form-control wpcf7-text formular\" type=\"text\" name=\"honeypot-189\" value=\"\" size=\"40\" tabindex=\"-1\" autocomplete=\"new-password\" \/><\/span><\/p>\n<p><span class=\"wpcf7-form-control-wrap\" data-name=\"acceptance-953\"><span class=\"wpcf7-form-control wpcf7-acceptance\"><span class=\"wpcf7-list-item\"><input type=\"checkbox\" name=\"acceptance-953\" value=\"1\" aria-invalid=\"false\" \/><\/span><\/span><\/span> Ich habe die <a href=\"https:\/\/www.housch-ma-housch.de\/de\/datenschutzerklaerung\/\">Datenschutzerkl\u00e4rung<\/a> zur Kenntnis genommen und bin damit einverstanden. Meine angegebenen Daten werden zum Zweck der Erstellung und Bearbeitung meiner Anfrage von \"Housch-ma-Housch Production GmbH\" gespeichert.<\/p>\n<p><input type=\"submit\" value=\"Senden\" class=\"wpcf7-form-control has-spinner wpcf7-submit\" \/><\/p>\n<div class=\"wpcf7-response-output\" aria-hidden=\"true\"><\/div><\/form><\/div>\n<div class=\"mobile\">\n<\/p>\n<hr \/>\n<p>\n<a href=\"\" target=\"_self\" class=\"sc-button small black\"><span>ZUR WEBSEITE<\/span><\/a>\n<\/div>\n<p><\/p>","protected":false},"excerpt":{"rendered":"<p>Sie haben uns gefunden! Sehr geehrte G\u00e4ste, liebe Freunde, wir [&hellip;]<\/p>\n","protected":false},"author":5,"featured_media":0,"parent":0,"menu_order":0,"comment_status":"open","ping_status":"open","template":"","meta":[],"yoast_head":"<!-- This site is optimized with the Yoast SEO plugin v19.3 - https:\/\/yoast.com\/wordpress\/plugins\/seo\/ -->\n<title>Festival Mondial du Cirque de Demain 2014 - Housch-ma-Housch<\/title>\n<meta name=\"robots\" content=\"index, follow, max-snippet:-1, max-image-preview:large, max-video-preview:-1\" \/>\n<link rel=\"canonical\" href=\"https:\/\/www.housch-ma-housch.de\/festival-mondial-du-cirque-de-demain-2014\/\" \/>\n<meta property=\"og:locale\" content=\"de_DE\" \/>\n<meta property=\"og:type\" content=\"article\" \/>\n<meta property=\"og:title\" content=\"Festival Mondial du Cirque de Demain 2014 - Housch-ma-Housch\" \/>\n<meta property=\"og:description\" content=\"Sie haben uns gefunden! Sehr geehrte G\u00e4ste, liebe Freunde, wir [&hellip;]\" \/>\n<meta property=\"og:url\" content=\"https:\/\/www.housch-ma-housch.de\/festival-mondial-du-cirque-de-demain-2014\/\" \/>\n<meta property=\"og:site_name\" content=\"Housch-ma-Housch\" \/>\n<meta property=\"article:modified_time\" content=\"2019-09-11T08:12:27+00:00\" \/>\n<meta property=\"og:image\" content=\"https:\/\/www.housch-ma-housch.de\/wp-content\/uploads\/2014\/01\/Landing-Page-Mobile.jpg\" \/>\n<meta name=\"twitter:card\" content=\"summary_large_image\" \/>\n<meta name=\"twitter:label1\" content=\"Gesch\u00e4tzte Lesezeit\" \/>\n\t<meta name=\"twitter:data1\" content=\"4 Minuten\" \/>\n<script type=\"application\/ld+json\" class=\"yoast-schema-graph\">{\"@context\":\"https:\/\/schema.org\",\"@graph\":[{\"@type\":\"WebSite\",\"@id\":\"https:\/\/www.housch-ma-housch.de\/de\/#website\",\"url\":\"https:\/\/www.housch-ma-housch.de\/de\/\",\"name\":\"Housch-ma-Housch\",\"description\":\"M\u00e4rchenhafte und unvergessliche Comedy Show f\u00fcr die ganze Familie!\",\"potentialAction\":[{\"@type\":\"SearchAction\",\"target\":{\"@type\":\"EntryPoint\",\"urlTemplate\":\"https:\/\/www.housch-ma-housch.de\/de\/?s={search_term_string}\"},\"query-input\":\"required name=search_term_string\"}],\"inLanguage\":\"de-DE\"},{\"@type\":\"ImageObject\",\"inLanguage\":\"de-DE\",\"@id\":\"https:\/\/www.housch-ma-housch.de\/festival-mondial-du-cirque-de-demain-2014\/#primaryimage\",\"url\":\"https:\/\/www.housch-ma-housch.de\/wp-content\/uploads\/2014\/01\/Landing-Page-Mobile.jpg\",\"contentUrl\":\"https:\/\/www.housch-ma-housch.de\/wp-content\/uploads\/2014\/01\/Landing-Page-Mobile.jpg\",\"width\":640,\"height\":360},{\"@type\":\"WebPage\",\"@id\":\"https:\/\/www.housch-ma-housch.de\/festival-mondial-du-cirque-de-demain-2014\/\",\"url\":\"https:\/\/www.housch-ma-housch.de\/festival-mondial-du-cirque-de-demain-2014\/\",\"name\":\"Festival Mondial du Cirque de Demain 2014 - Housch-ma-Housch\",\"isPartOf\":{\"@id\":\"https:\/\/www.housch-ma-housch.de\/de\/#website\"},\"primaryImageOfPage\":{\"@id\":\"https:\/\/www.housch-ma-housch.de\/festival-mondial-du-cirque-de-demain-2014\/#primaryimage\"},\"datePublished\":\"2013-11-17T13:31:50+00:00\",\"dateModified\":\"2019-09-11T08:12:27+00:00\",\"breadcrumb\":{\"@id\":\"https:\/\/www.housch-ma-housch.de\/festival-mondial-du-cirque-de-demain-2014\/#breadcrumb\"},\"inLanguage\":\"de-DE\",\"potentialAction\":[{\"@type\":\"ReadAction\",\"target\":[\"https:\/\/www.housch-ma-housch.de\/festival-mondial-du-cirque-de-demain-2014\/\"]}]},{\"@type\":\"BreadcrumbList\",\"@id\":\"https:\/\/www.housch-ma-housch.de\/festival-mondial-du-cirque-de-demain-2014\/#breadcrumb\",\"itemListElement\":[{\"@type\":\"ListItem\",\"position\":1,\"name\":\"Startseite\",\"item\":\"https:\/\/www.housch-ma-housch.de\/\"},{\"@type\":\"ListItem\",\"position\":2,\"name\":\"Festival Mondial du Cirque de Demain 2014\"}]}]}<\/script>\n<!-- \/ Yoast SEO plugin. -->","yoast_head_json":{"title":"Festival Mondial du Cirque de Demain 2014 - Housch-ma-Housch","robots":{"index":"index","follow":"follow","max-snippet":"max-snippet:-1","max-image-preview":"max-image-preview:large","max-video-preview":"max-video-preview:-1"},"canonical":"https:\/\/www.housch-ma-housch.de\/festival-mondial-du-cirque-de-demain-2014\/","og_locale":"de_DE","og_type":"article","og_title":"Festival Mondial du Cirque de Demain 2014 - Housch-ma-Housch","og_description":"Sie haben uns gefunden! Sehr geehrte G\u00e4ste, liebe Freunde, wir [&hellip;]","og_url":"https:\/\/www.housch-ma-housch.de\/festival-mondial-du-cirque-de-demain-2014\/","og_site_name":"Housch-ma-Housch","article_modified_time":"2019-09-11T08:12:27+00:00","og_image":[{"url":"https:\/\/www.housch-ma-housch.de\/wp-content\/uploads\/2014\/01\/Landing-Page-Mobile.jpg"}],"twitter_card":"summary_large_image","twitter_misc":{"Gesch\u00e4tzte Lesezeit":"4 Minuten"},"schema":{"@context":"https:\/\/schema.org","@graph":[{"@type":"WebSite","@id":"https:\/\/www.housch-ma-housch.de\/de\/#website","url":"https:\/\/www.housch-ma-housch.de\/de\/","name":"Housch-ma-Housch","description":"M\u00e4rchenhafte und unvergessliche Comedy Show f\u00fcr die ganze Familie!","potentialAction":[{"@type":"SearchAction","target":{"@type":"EntryPoint","urlTemplate":"https:\/\/www.housch-ma-housch.de\/de\/?s={search_term_string}"},"query-input":"required name=search_term_string"}],"inLanguage":"de-DE"},{"@type":"ImageObject","inLanguage":"de-DE","@id":"https:\/\/www.housch-ma-housch.de\/festival-mondial-du-cirque-de-demain-2014\/#primaryimage","url":"https:\/\/www.housch-ma-housch.de\/wp-content\/uploads\/2014\/01\/Landing-Page-Mobile.jpg","contentUrl":"https:\/\/www.housch-ma-housch.de\/wp-content\/uploads\/2014\/01\/Landing-Page-Mobile.jpg","width":640,"height":360},{"@type":"WebPage","@id":"https:\/\/www.housch-ma-housch.de\/festival-mondial-du-cirque-de-demain-2014\/","url":"https:\/\/www.housch-ma-housch.de\/festival-mondial-du-cirque-de-demain-2014\/","name":"Festival Mondial du Cirque de Demain 2014 - Housch-ma-Housch","isPartOf":{"@id":"https:\/\/www.housch-ma-housch.de\/de\/#website"},"primaryImageOfPage":{"@id":"https:\/\/www.housch-ma-housch.de\/festival-mondial-du-cirque-de-demain-2014\/#primaryimage"},"datePublished":"2013-11-17T13:31:50+00:00","dateModified":"2019-09-11T08:12:27+00:00","breadcrumb":{"@id":"https:\/\/www.housch-ma-housch.de\/festival-mondial-du-cirque-de-demain-2014\/#breadcrumb"},"inLanguage":"de-DE","potentialAction":[{"@type":"ReadAction","target":["https:\/\/www.housch-ma-housch.de\/festival-mondial-du-cirque-de-demain-2014\/"]}]},{"@type":"BreadcrumbList","@id":"https:\/\/www.housch-ma-housch.de\/festival-mondial-du-cirque-de-demain-2014\/#breadcrumb","itemListElement":[{"@type":"ListItem","position":1,"name":"Startseite","item":"https:\/\/www.housch-ma-housch.de\/"},{"@type":"ListItem","position":2,"name":"Festival Mondial du Cirque de Demain 2014"}]}]}},"_links":{"self":[{"href":"https:\/\/www.housch-ma-housch.de\/de\/wp-json\/wp\/v2\/pages\/3736"}],"collection":[{"href":"https:\/\/www.housch-ma-housch.de\/de\/wp-json\/wp\/v2\/pages"}],"about":[{"href":"https:\/\/www.housch-ma-housch.de\/de\/wp-json\/wp\/v2\/types\/page"}],"author":[{"embeddable":true,"href":"https:\/\/www.housch-ma-housch.de\/de\/wp-json\/wp\/v2\/users\/5"}],"replies":[{"embeddable":true,"href":"https:\/\/www.housch-ma-housch.de\/de\/wp-json\/wp\/v2\/comments?post=3736"}],"version-history":[{"count":151,"href":"https:\/\/www.housch-ma-housch.de\/de\/wp-json\/wp\/v2\/pages\/3736\/revisions"}],"predecessor-version":[{"id":5489,"href":"https:\/\/www.housch-ma-housch.de\/de\/wp-json\/wp\/v2\/pages\/3736\/revisions\/5489"}],"wp:attachment":[{"href":"https:\/\/www.housch-ma-housch.de\/de\/wp-json\/wp\/v2\/media?parent=3736"}],"curies":[{"name":"wp","href":"https:\/\/api.w.org\/{rel}","templated":true}]}}