{"id":5830,"date":"2019-11-28T15:51:55","date_gmt":"2019-11-28T14:51:55","guid":{"rendered":"https:\/\/www.housch-ma-housch.de\/?page_id=5830"},"modified":"2019-12-07T11:28:24","modified_gmt":"2019-12-07T10:28:24","slug":"theatre-dejazet-paris-tickets","status":"publish","type":"page","link":"https:\/\/www.housch-ma-housch.de\/de\/theatre-dejazet-paris-tickets\/","title":{"rendered":"Th\u00e9\u00e2tre D\u00e9jazet Paris"},"content":{"rendered":"<p><\/p>\n<div class=\"desktop\">\n<div class=\"conversion\">\n<p><a href=\"https:\/\/indiv.themisweb.fr\/0058\/fEventChoiceIsMade.aspx?idstructure=0058&amp;idevent=267\"><img src=\"https:\/\/www.housch-ma-housch.de\/wp-content\/uploads\/2019\/11\/Startseite-Logo-Theatre-Dejazet-Tickets-FR.png\" \/><\/a><\/div>\n<\/div>\n<div class=\"mobile\">\n<div class=\"conversion\">\n<p><a href=\"https:\/\/indiv.themisweb.fr\/0058\/fEventChoiceIsMade.aspx?idstructure=0058&amp;idevent=267\"><img src=\"https:\/\/www.housch-ma-housch.de\/wp-content\/uploads\/2019\/11\/Startseite-Logo-Theatre-Dejazet-Tickets-FR-Mobile.png\" width=\"100%\" \/><\/a> <\/div>\n<\/div>\n<div class=\"desktop\">\n<iframe class=\"sc-video\" width=\"540\" height=\"304\" src=\"https:\/\/www.youtube.com\/embed\/Kxj4mZSGO_M\" frameborder=\"0\" allowfullscreen><\/iframe>\n<\/div>\n<div class=\"mobile\">[youtube id=&#8221;Kxj4mZSGO_M&#8221; width=&#8221;100%&#8221; height=&#8221;100%&#8221;]<\/div>\n<p>Simon Shuster, talentueux artiste au charme ph\u00e9nom\u00e9nal a cr\u00e9\u00e9 un spectacle original avec un art de la magie inimitable.<\/p>\n<p>Toute sa vie il a recueilli des moments dr\u00f4les, des mots magiques et a appris \u00e0 placer dans chaque situations un humour subtil, le tout m\u00e9lang\u00e9, emm\u00eal\u00e9, entortill\u00e9.<\/p>\n<p>Ce personnage \u00e9trange peut facilement faire fondre le c\u0153ur des adultes et des enfants. Mais Qui est Housch ma Housch? Et comment ce personnage s\u2019est il cr\u00e9\u00e9 ? Housch ma Housch parle dans sa propre langue, qui devient au fur et \u00e0 mesure du spectacle compr\u00e9hensible et intimement proche de chaque spectateur. Son humour vif et original, est multipli\u00e9 par sa connaissance de la nature humaine. Ce spectacle qu\u2019il a pu partager de temps \u00e0 autre avec son comp\u00e8re Yoyo (Pierre Etaix) ne laissera jamais personne indiff\u00e9rent.<\/p>\n<p>D\u00e8s maintenant, plongez dans le monde magique de Housch ma Housch avec son humour \u00e0 port\u00e9 de tous. Ainsi, vous apprendrez que toutes les solutions sont peut-\u00eatre juste sous votre nez.<\/p>\n<p>Venons rire ensemble avec Housch ma Housch dans son univers rempli de bonne humeur!<\/p>\n<div id=\"jig1\" class=\"justified-image-grid jig-95a5fb3e13208a5be60eb1028877260c jig-preset-global\"><div class=\"jig-clearfix\"><\/div><noscript id=\"jig1-html\" class=\"justified-image-grid-html\" data-lazy-src=\"skiplazyload\" data-src=\"skipunveillazyload\"><ul><li><a href=\"https:\/\/www.housch-ma-housch.de\/wp-content\/uploads\/2019\/09\/01.-Show-Housch-ma-Housch-Sasha-Tordushnikova.jpg\"><img src=\"https:\/\/www.housch-ma-housch.de\/wp-content\/plugins\/justified-image-grid\/timthumb.php?src=https%3A%2F%2Fwww.housch-ma-housch.de%2Fwp-content%2Fuploads%2F2019%2F09%2F01.-Show-Housch-ma-Housch-Sasha-Tordushnikova.jpg&amp;h=200&amp;q=90&amp;f=.jpg\" alt=\"01. Show Housch-ma-Housch (Sasha Tordushnikova)\" width=\"200\" height=\"200\" \/><\/a><p class=\"jig-HTMLdescription\">01. Show Housch-ma-Housch (Sasha Tordushnikova)<br\/><\/p><\/li><li><a href=\"https:\/\/www.housch-ma-housch.de\/wp-content\/uploads\/2019\/09\/02.-Show-Housch-ma-Housch-Pit-Buehler.jpg\"><img src=\"https:\/\/www.housch-ma-housch.de\/wp-content\/plugins\/justified-image-grid\/timthumb.php?src=https%3A%2F%2Fwww.housch-ma-housch.de%2Fwp-content%2Fuploads%2F2019%2F09%2F02.-Show-Housch-ma-Housch-Pit-Buehler.jpg&amp;h=200&amp;q=90&amp;f=.jpg\" alt=\"02. Show Housch-ma-Housch (Pit Buehler)\" width=\"142\" height=\"200\" \/><\/a><p class=\"jig-HTMLdescription\">02. Show Housch-ma-Housch (Pit Buehler)<br\/><\/p><\/li><li><a href=\"https:\/\/www.housch-ma-housch.de\/wp-content\/uploads\/2019\/09\/03.-Show-Housch-ma-Housch-Stanislav-Lomakin-1000x684.jpg\"><img src=\"https:\/\/www.housch-ma-housch.de\/wp-content\/plugins\/justified-image-grid\/timthumb.php?src=https%3A%2F%2Fwww.housch-ma-housch.de%2Fwp-content%2Fuploads%2F2019%2F09%2F03.-Show-Housch-ma-Housch-Stanislav-Lomakin-1000x684.jpg&amp;h=200&amp;q=90&amp;f=.jpg\" alt=\"03. Show Housch-ma-Housch (Stanislav Lomakin)\" width=\"292\" height=\"200\" \/><\/a><p class=\"jig-HTMLdescription\">03. Show Housch-ma-Housch (Stanislav Lomakin)<br\/><\/p><\/li><li><a href=\"https:\/\/www.housch-ma-housch.de\/wp-content\/uploads\/2019\/09\/04.-Show-Housch-ma-Housch-1000x667.jpg\"><img src=\"https:\/\/www.housch-ma-housch.de\/wp-content\/plugins\/justified-image-grid\/timthumb.php?src=https%3A%2F%2Fwww.housch-ma-housch.de%2Fwp-content%2Fuploads%2F2019%2F09%2F04.-Show-Housch-ma-Housch-1000x667.jpg&amp;h=200&amp;q=90&amp;f=.jpg\" alt=\"04. Show Housch-ma-Housch\" width=\"299\" height=\"200\" \/><\/a><p class=\"jig-HTMLdescription\">04. Show Housch-ma-Housch<br\/><\/p><\/li><li><a href=\"https:\/\/www.housch-ma-housch.de\/wp-content\/uploads\/2019\/09\/05.-Show-Housch-ma-Housch-1000x666.jpg\"><img src=\"https:\/\/www.housch-ma-housch.de\/wp-content\/plugins\/justified-image-grid\/timthumb.php?src=https%3A%2F%2Fwww.housch-ma-housch.de%2Fwp-content%2Fuploads%2F2019%2F09%2F05.-Show-Housch-ma-Housch-1000x666.jpg&amp;h=200&amp;q=90&amp;f=.jpg\" alt=\"05. Show Housch-ma-Housch\" width=\"300\" height=\"200\" \/><\/a><p class=\"jig-HTMLdescription\">05. Show Housch-ma-Housch<br\/><\/p><\/li><li><a href=\"https:\/\/www.housch-ma-housch.de\/wp-content\/uploads\/2019\/09\/06.-Show-Housch-ma-Housch-Stanislav-Lomakin.jpg\"><img src=\"https:\/\/www.housch-ma-housch.de\/wp-content\/plugins\/justified-image-grid\/timthumb.php?src=https%3A%2F%2Fwww.housch-ma-housch.de%2Fwp-content%2Fuploads%2F2019%2F09%2F06.-Show-Housch-ma-Housch-Stanislav-Lomakin.jpg&amp;h=200&amp;q=90&amp;f=.jpg\" alt=\"06. Show Housch-ma-Housch (Stanislav Lomakin)\" width=\"271\" height=\"200\" \/><\/a><p class=\"jig-HTMLdescription\">06. Show Housch-ma-Housch (Stanislav Lomakin)<br\/><\/p><\/li><li><a href=\"https:\/\/www.housch-ma-housch.de\/wp-content\/uploads\/2019\/09\/07.-Show-Housch-ma-Housch-Stanislav-Lomakin.jpg\"><img src=\"https:\/\/www.housch-ma-housch.de\/wp-content\/plugins\/justified-image-grid\/timthumb.php?src=https%3A%2F%2Fwww.housch-ma-housch.de%2Fwp-content%2Fuploads%2F2019%2F09%2F07.-Show-Housch-ma-Housch-Stanislav-Lomakin.jpg&amp;h=200&amp;q=90&amp;f=.jpg\" alt=\"07. Show Housch-ma-Housch (Stanislav Lomakin)\" width=\"280\" height=\"200\" \/><\/a><p class=\"jig-HTMLdescription\">07. Show Housch-ma-Housch (Stanislav Lomakin)<br\/><\/p><\/li><li><a href=\"https:\/\/www.housch-ma-housch.de\/wp-content\/uploads\/2019\/09\/08.-Show-Housch-ma-Housch-Stanislav-Lomakin.jpg\"><img src=\"https:\/\/www.housch-ma-housch.de\/wp-content\/plugins\/justified-image-grid\/timthumb.php?src=https%3A%2F%2Fwww.housch-ma-housch.de%2Fwp-content%2Fuploads%2F2019%2F09%2F08.-Show-Housch-ma-Housch-Stanislav-Lomakin.jpg&amp;h=200&amp;q=90&amp;f=.jpg\" alt=\"08. Show Housch-ma-Housch (Stanislav Lomakin)\" width=\"274\" height=\"200\" \/><\/a><p class=\"jig-HTMLdescription\">08. Show Housch-ma-Housch (Stanislav Lomakin)<br\/><\/p><\/li><li><a href=\"https:\/\/www.housch-ma-housch.de\/wp-content\/uploads\/2019\/09\/09.-Show-Housch-ma-Housch-Stanislav-Lomakin.jpg\"><img src=\"https:\/\/www.housch-ma-housch.de\/wp-content\/plugins\/justified-image-grid\/timthumb.php?src=https%3A%2F%2Fwww.housch-ma-housch.de%2Fwp-content%2Fuploads%2F2019%2F09%2F09.-Show-Housch-ma-Housch-Stanislav-Lomakin.jpg&amp;h=200&amp;q=90&amp;f=.jpg\" alt=\"09. Show Housch-ma-Housch (Stanislav Lomakin)\" width=\"275\" height=\"200\" \/><\/a><p class=\"jig-HTMLdescription\">09. Show Housch-ma-Housch (Stanislav Lomakin)<br\/><\/p><\/li><li><a href=\"https:\/\/www.housch-ma-housch.de\/wp-content\/uploads\/2019\/09\/10.-Show-Housch-ma-Housch-Stanislav-Lomakin.jpg\"><img src=\"https:\/\/www.housch-ma-housch.de\/wp-content\/plugins\/justified-image-grid\/timthumb.php?src=https%3A%2F%2Fwww.housch-ma-housch.de%2Fwp-content%2Fuploads%2F2019%2F09%2F10.-Show-Housch-ma-Housch-Stanislav-Lomakin.jpg&amp;h=200&amp;q=90&amp;f=.jpg\" alt=\"10. Show Housch-ma-Housch (Stanislav Lomakin)\" width=\"170\" height=\"200\" \/><\/a><p class=\"jig-HTMLdescription\">10. Show Housch-ma-Housch (Stanislav Lomakin)<br\/><\/p><\/li><\/ul><\/noscript><\/div>\n\n<h2>Th\u00e9\u00e2tre D\u00e9jazet, Paris, D\u00e9cembre 2019 &#8211; Janvier 2020<\/h2>\n<p><img src=\"https:\/\/www.housch-ma-housch.de\/wp-content\/uploads\/2019\/09\/Projekte-Poster-Theatre-Dejazet.jpg\" width=\"100%\" \/><\/p>","protected":false},"excerpt":{"rendered":"<p>[youtube id=&#8221;Kxj4mZSGO_M&#8221; width=&#8221;100%&#8221; height=&#8221;100%&#8221;] Simon Shuster, talentueux artiste au charme [&hellip;]<\/p>\n","protected":false},"author":5,"featured_media":0,"parent":0,"menu_order":0,"comment_status":"closed","ping_status":"closed","template":"","meta":[],"yoast_head":"<!-- This site is optimized with the Yoast SEO plugin v19.3 - https:\/\/yoast.com\/wordpress\/plugins\/seo\/ -->\n<title>Th\u00e9\u00e2tre D\u00e9jazet Paris - Housch-ma-Housch<\/title>\n<meta name=\"robots\" content=\"index, follow, max-snippet:-1, max-image-preview:large, max-video-preview:-1\" \/>\n<link rel=\"canonical\" href=\"https:\/\/www.housch-ma-housch.de\/en\/theatre-dejazet-paris-tickets\/\" \/>\n<meta property=\"og:locale\" content=\"de_DE\" \/>\n<meta property=\"og:type\" content=\"article\" \/>\n<meta property=\"og:title\" content=\"Th\u00e9\u00e2tre D\u00e9jazet Paris - Housch-ma-Housch\" \/>\n<meta property=\"og:description\" content=\"[youtube id=&#8221;Kxj4mZSGO_M&#8221; width=&#8221;100%&#8221; height=&#8221;100%&#8221;] Simon Shuster, talentueux artiste au charme [&hellip;]\" \/>\n<meta property=\"og:url\" content=\"https:\/\/www.housch-ma-housch.de\/en\/theatre-dejazet-paris-tickets\/\" \/>\n<meta property=\"og:site_name\" content=\"Housch-ma-Housch\" \/>\n<meta property=\"article:modified_time\" content=\"2019-12-07T10:28:24+00:00\" \/>\n<meta property=\"og:image\" content=\"https:\/\/www.housch-ma-housch.de\/wp-content\/uploads\/2019\/11\/Startseite-Logo-Theatre-Dejazet-Tickets-FR.png\" \/>\n<meta name=\"twitter:card\" content=\"summary_large_image\" \/>\n<meta name=\"twitter:label1\" content=\"Gesch\u00e4tzte Lesezeit\" \/>\n\t<meta name=\"twitter:data1\" content=\"3 Minuten\" \/>\n<script type=\"application\/ld+json\" class=\"yoast-schema-graph\">{\"@context\":\"https:\/\/schema.org\",\"@graph\":[{\"@type\":\"WebSite\",\"@id\":\"https:\/\/www.housch-ma-housch.de\/de\/#website\",\"url\":\"https:\/\/www.housch-ma-housch.de\/de\/\",\"name\":\"Housch-ma-Housch\",\"description\":\"M\u00e4rchenhafte und unvergessliche Comedy Show f\u00fcr die ganze Familie!\",\"potentialAction\":[{\"@type\":\"SearchAction\",\"target\":{\"@type\":\"EntryPoint\",\"urlTemplate\":\"https:\/\/www.housch-ma-housch.de\/de\/?s={search_term_string}\"},\"query-input\":\"required name=search_term_string\"}],\"inLanguage\":\"de-DE\"},{\"@type\":\"ImageObject\",\"inLanguage\":\"de-DE\",\"@id\":\"https:\/\/www.housch-ma-housch.de\/en\/theatre-dejazet-paris-tickets\/#primaryimage\",\"url\":\"https:\/\/www.housch-ma-housch.de\/wp-content\/uploads\/2019\/11\/Startseite-Logo-Theatre-Dejazet-Tickets-FR.png\",\"contentUrl\":\"https:\/\/www.housch-ma-housch.de\/wp-content\/uploads\/2019\/11\/Startseite-Logo-Theatre-Dejazet-Tickets-FR.png\",\"width\":540,\"height\":446},{\"@type\":\"WebPage\",\"@id\":\"https:\/\/www.housch-ma-housch.de\/en\/theatre-dejazet-paris-tickets\/\",\"url\":\"https:\/\/www.housch-ma-housch.de\/en\/theatre-dejazet-paris-tickets\/\",\"name\":\"Th\u00e9\u00e2tre D\u00e9jazet Paris - Housch-ma-Housch\",\"isPartOf\":{\"@id\":\"https:\/\/www.housch-ma-housch.de\/de\/#website\"},\"primaryImageOfPage\":{\"@id\":\"https:\/\/www.housch-ma-housch.de\/en\/theatre-dejazet-paris-tickets\/#primaryimage\"},\"datePublished\":\"2019-11-28T14:51:55+00:00\",\"dateModified\":\"2019-12-07T10:28:24+00:00\",\"breadcrumb\":{\"@id\":\"https:\/\/www.housch-ma-housch.de\/en\/theatre-dejazet-paris-tickets\/#breadcrumb\"},\"inLanguage\":\"de-DE\",\"potentialAction\":[{\"@type\":\"ReadAction\",\"target\":[\"https:\/\/www.housch-ma-housch.de\/en\/theatre-dejazet-paris-tickets\/\"]}]},{\"@type\":\"BreadcrumbList\",\"@id\":\"https:\/\/www.housch-ma-housch.de\/en\/theatre-dejazet-paris-tickets\/#breadcrumb\",\"itemListElement\":[{\"@type\":\"ListItem\",\"position\":1,\"name\":\"Startseite\",\"item\":\"https:\/\/www.housch-ma-housch.de\/\"},{\"@type\":\"ListItem\",\"position\":2,\"name\":\"Th\u00e9\u00e2tre D\u00e9jazet Paris\"}]}]}<\/script>\n<!-- \/ Yoast SEO plugin. -->","yoast_head_json":{"title":"Th\u00e9\u00e2tre D\u00e9jazet Paris - Housch-ma-Housch","robots":{"index":"index","follow":"follow","max-snippet":"max-snippet:-1","max-image-preview":"max-image-preview:large","max-video-preview":"max-video-preview:-1"},"canonical":"https:\/\/www.housch-ma-housch.de\/en\/theatre-dejazet-paris-tickets\/","og_locale":"de_DE","og_type":"article","og_title":"Th\u00e9\u00e2tre D\u00e9jazet Paris - Housch-ma-Housch","og_description":"[youtube id=&#8221;Kxj4mZSGO_M&#8221; width=&#8221;100%&#8221; height=&#8221;100%&#8221;] Simon Shuster, talentueux artiste au charme [&hellip;]","og_url":"https:\/\/www.housch-ma-housch.de\/en\/theatre-dejazet-paris-tickets\/","og_site_name":"Housch-ma-Housch","article_modified_time":"2019-12-07T10:28:24+00:00","og_image":[{"url":"https:\/\/www.housch-ma-housch.de\/wp-content\/uploads\/2019\/11\/Startseite-Logo-Theatre-Dejazet-Tickets-FR.png"}],"twitter_card":"summary_large_image","twitter_misc":{"Gesch\u00e4tzte Lesezeit":"3 Minuten"},"schema":{"@context":"https:\/\/schema.org","@graph":[{"@type":"WebSite","@id":"https:\/\/www.housch-ma-housch.de\/de\/#website","url":"https:\/\/www.housch-ma-housch.de\/de\/","name":"Housch-ma-Housch","description":"M\u00e4rchenhafte und unvergessliche Comedy Show f\u00fcr die ganze Familie!","potentialAction":[{"@type":"SearchAction","target":{"@type":"EntryPoint","urlTemplate":"https:\/\/www.housch-ma-housch.de\/de\/?s={search_term_string}"},"query-input":"required name=search_term_string"}],"inLanguage":"de-DE"},{"@type":"ImageObject","inLanguage":"de-DE","@id":"https:\/\/www.housch-ma-housch.de\/en\/theatre-dejazet-paris-tickets\/#primaryimage","url":"https:\/\/www.housch-ma-housch.de\/wp-content\/uploads\/2019\/11\/Startseite-Logo-Theatre-Dejazet-Tickets-FR.png","contentUrl":"https:\/\/www.housch-ma-housch.de\/wp-content\/uploads\/2019\/11\/Startseite-Logo-Theatre-Dejazet-Tickets-FR.png","width":540,"height":446},{"@type":"WebPage","@id":"https:\/\/www.housch-ma-housch.de\/en\/theatre-dejazet-paris-tickets\/","url":"https:\/\/www.housch-ma-housch.de\/en\/theatre-dejazet-paris-tickets\/","name":"Th\u00e9\u00e2tre D\u00e9jazet Paris - Housch-ma-Housch","isPartOf":{"@id":"https:\/\/www.housch-ma-housch.de\/de\/#website"},"primaryImageOfPage":{"@id":"https:\/\/www.housch-ma-housch.de\/en\/theatre-dejazet-paris-tickets\/#primaryimage"},"datePublished":"2019-11-28T14:51:55+00:00","dateModified":"2019-12-07T10:28:24+00:00","breadcrumb":{"@id":"https:\/\/www.housch-ma-housch.de\/en\/theatre-dejazet-paris-tickets\/#breadcrumb"},"inLanguage":"de-DE","potentialAction":[{"@type":"ReadAction","target":["https:\/\/www.housch-ma-housch.de\/en\/theatre-dejazet-paris-tickets\/"]}]},{"@type":"BreadcrumbList","@id":"https:\/\/www.housch-ma-housch.de\/en\/theatre-dejazet-paris-tickets\/#breadcrumb","itemListElement":[{"@type":"ListItem","position":1,"name":"Startseite","item":"https:\/\/www.housch-ma-housch.de\/"},{"@type":"ListItem","position":2,"name":"Th\u00e9\u00e2tre D\u00e9jazet Paris"}]}]}},"_links":{"self":[{"href":"https:\/\/www.housch-ma-housch.de\/de\/wp-json\/wp\/v2\/pages\/5830"}],"collection":[{"href":"https:\/\/www.housch-ma-housch.de\/de\/wp-json\/wp\/v2\/pages"}],"about":[{"href":"https:\/\/www.housch-ma-housch.de\/de\/wp-json\/wp\/v2\/types\/page"}],"author":[{"embeddable":true,"href":"https:\/\/www.housch-ma-housch.de\/de\/wp-json\/wp\/v2\/users\/5"}],"replies":[{"embeddable":true,"href":"https:\/\/www.housch-ma-housch.de\/de\/wp-json\/wp\/v2\/comments?post=5830"}],"version-history":[{"count":19,"href":"https:\/\/www.housch-ma-housch.de\/de\/wp-json\/wp\/v2\/pages\/5830\/revisions"}],"predecessor-version":[{"id":5866,"href":"https:\/\/www.housch-ma-housch.de\/de\/wp-json\/wp\/v2\/pages\/5830\/revisions\/5866"}],"wp:attachment":[{"href":"https:\/\/www.housch-ma-housch.de\/de\/wp-json\/wp\/v2\/media?parent=5830"}],"curies":[{"name":"wp","href":"https:\/\/api.w.org\/{rel}","templated":true}]}}